{"id":4399,"date":"2025-11-07T10:17:36","date_gmt":"2025-11-07T10:17:36","guid":{"rendered":"https:\/\/koxka.com\/producto\/volans-plus\/"},"modified":"2026-02-25T08:55:21","modified_gmt":"2026-02-25T08:55:21","slug":"volans-plus","status":"publish","type":"product","link":"https:\/\/koxka.com\/fr\/produit\/volans-plus\/","title":{"rendered":"Volans Plus"},"content":{"rendered":"<p><span data-contrast=\"auto\">Id\u00e9al pour l\u2019exposition de viande emball\u00e9e et de produits traiteur<\/span><\/p>\n<p><span data-contrast=\"auto\">Fabriqu\u00e9 avec des mat\u00e9riaux de haute qualit\u00e9, il d\u00e9passe les exigences d\u2019un usage commercial quotidien, garantissant une longue dur\u00e9e de vie<\/span><\/p>\n","protected":false},"excerpt":{"rendered":"<p>Famille de vitrines doubles avec circuits de r\u00e9frig\u00e9ration ind\u00e9pendants<\/p>\n","protected":false},"featured_media":4119,"comment_status":"open","ping_status":"closed","template":"","meta":[],"product_brand":[],"product_cat":[73,83],"product_tag":[],"class_list":{"0":"post-4399","1":"product","2":"type-product","3":"status-publish","4":"has-post-thumbnail","6":"product_cat-meubles-a-groupe-deporte","7":"product_cat-vitrine","9":"first","10":"instock","11":"shipping-taxable","12":"product-type-simple"},"_links":{"self":[{"href":"https:\/\/koxka.com\/fr\/wp-json\/wp\/v2\/product\/4399","targetHints":{"allow":["GET"]}}],"collection":[{"href":"https:\/\/koxka.com\/fr\/wp-json\/wp\/v2\/product"}],"about":[{"href":"https:\/\/koxka.com\/fr\/wp-json\/wp\/v2\/types\/product"}],"replies":[{"embeddable":true,"href":"https:\/\/koxka.com\/fr\/wp-json\/wp\/v2\/comments?post=4399"}],"wp:featuredmedia":[{"embeddable":true,"href":"https:\/\/koxka.com\/fr\/wp-json\/wp\/v2\/media\/4119"}],"wp:attachment":[{"href":"https:\/\/koxka.com\/fr\/wp-json\/wp\/v2\/media?parent=4399"}],"wp:term":[{"taxonomy":"product_brand","embeddable":true,"href":"https:\/\/koxka.com\/fr\/wp-json\/wp\/v2\/product_brand?post=4399"},{"taxonomy":"product_cat","embeddable":true,"href":"https:\/\/koxka.com\/fr\/wp-json\/wp\/v2\/product_cat?post=4399"},{"taxonomy":"product_tag","embeddable":true,"href":"https:\/\/koxka.com\/fr\/wp-json\/wp\/v2\/product_tag?post=4399"}],"curies":[{"name":"wp","href":"https:\/\/api.w.org\/{rel}","templated":true}]}}