{"id":3954,"date":"2025-10-29T20:00:58","date_gmt":"2025-10-29T20:00:58","guid":{"rendered":"https:\/\/koxka.com\/producto\/kr-modra-ferme\/"},"modified":"2026-02-25T08:46:12","modified_gmt":"2026-02-25T08:46:12","slug":"kr-modra-ferme","status":"publish","type":"product","link":"https:\/\/koxka.com\/fr\/produit\/kr-modra-ferme\/","title":{"rendered":"kR Modra Ferm\u00e9"},"content":{"rendered":"<p>Flexibilit\u00e9 d&rsquo;implantation avec 2 hauteurs et t\u00eates de gondole continues, pour cr\u00e9er des lin\u00e9aires qui satisfont les besoins de chaque client<\/p>\n<p>Fabriqu\u00e9 avec des mat\u00e9riaux de haute qualit\u00e9, il d\u00e9passe les exigences de l&rsquo;utilisation commerciale quotidienne, garantissant une longue dur\u00e9e de vie<\/p>\n","protected":false},"excerpt":{"rendered":"<p>Meuble pour l&rsquo;exposition de produits surgel\u00e9s mixtes de grande capacit\u00e9, indiqu\u00e9 pour les grandes surfaces<\/p>\n","protected":false},"featured_media":3917,"comment_status":"closed","ping_status":"closed","template":"","meta":[],"product_brand":[],"product_cat":[73,75],"product_tag":[],"class_list":{"0":"post-3954","1":"product","2":"type-product","3":"status-publish","4":"has-post-thumbnail","6":"product_cat-meubles-a-groupe-deporte","7":"product_cat-vertical-negatif","9":"first","10":"instock","11":"shipping-taxable","12":"product-type-simple"},"_links":{"self":[{"href":"https:\/\/koxka.com\/fr\/wp-json\/wp\/v2\/product\/3954","targetHints":{"allow":["GET"]}}],"collection":[{"href":"https:\/\/koxka.com\/fr\/wp-json\/wp\/v2\/product"}],"about":[{"href":"https:\/\/koxka.com\/fr\/wp-json\/wp\/v2\/types\/product"}],"replies":[{"embeddable":true,"href":"https:\/\/koxka.com\/fr\/wp-json\/wp\/v2\/comments?post=3954"}],"wp:featuredmedia":[{"embeddable":true,"href":"https:\/\/koxka.com\/fr\/wp-json\/wp\/v2\/media\/3917"}],"wp:attachment":[{"href":"https:\/\/koxka.com\/fr\/wp-json\/wp\/v2\/media?parent=3954"}],"wp:term":[{"taxonomy":"product_brand","embeddable":true,"href":"https:\/\/koxka.com\/fr\/wp-json\/wp\/v2\/product_brand?post=3954"},{"taxonomy":"product_cat","embeddable":true,"href":"https:\/\/koxka.com\/fr\/wp-json\/wp\/v2\/product_cat?post=3954"},{"taxonomy":"product_tag","embeddable":true,"href":"https:\/\/koxka.com\/fr\/wp-json\/wp\/v2\/product_tag?post=3954"}],"curies":[{"name":"wp","href":"https:\/\/api.w.org\/{rel}","templated":true}]}}