{"id":3952,"date":"2025-10-29T18:50:54","date_gmt":"2025-10-29T18:50:54","guid":{"rendered":"https:\/\/koxka.com\/producto\/kr-laku-open\/"},"modified":"2026-02-27T10:03:27","modified_gmt":"2026-02-27T10:03:27","slug":"kr-laku-open","status":"publish","type":"product","link":"https:\/\/koxka.com\/fr\/produit\/kr-laku-open\/","title":{"rendered":"kR Laku Open"},"content":{"rendered":"<p>Gr\u00e2ce \u00e0 sa conception modulaire, il peut \u00eatre facilement assembl\u00e9 avec les meubles muraux kR Laku Closed pour cr\u00e9er des lin\u00e9aires qui r\u00e9pondent aux besoins de chaque client, offrant une continuit\u00e9 esth\u00e9tique dans la conception de l&rsquo;espace.<\/p>\n<p>Fabriqu\u00e9 avec des mat\u00e9riaux de haute qualit\u00e9, il surpasse les exigences de l&rsquo;utilisation commerciale quotidienne, garantissant une longue dur\u00e9e de vie.<\/p>\n","protected":false},"excerpt":{"rendered":"<p>Meuble semi-mural ouvert id\u00e9al pour l&rsquo;exposition de produits sensibles \u00e0 la temp\u00e9rature. Conservation optimale des produits pour les environnements aux conditions ambiantes exigeantes.<\/p>\n","protected":false},"featured_media":3914,"comment_status":"open","ping_status":"closed","template":"","meta":[],"product_brand":[],"product_cat":[73,79],"product_tag":[],"class_list":{"0":"post-3952","1":"product","2":"type-product","3":"status-publish","4":"has-post-thumbnail","6":"product_cat-meubles-a-groupe-deporte","7":"product_cat-semivertical","9":"first","10":"instock","11":"shipping-taxable","12":"product-type-simple"},"_links":{"self":[{"href":"https:\/\/koxka.com\/fr\/wp-json\/wp\/v2\/product\/3952","targetHints":{"allow":["GET"]}}],"collection":[{"href":"https:\/\/koxka.com\/fr\/wp-json\/wp\/v2\/product"}],"about":[{"href":"https:\/\/koxka.com\/fr\/wp-json\/wp\/v2\/types\/product"}],"replies":[{"embeddable":true,"href":"https:\/\/koxka.com\/fr\/wp-json\/wp\/v2\/comments?post=3952"}],"wp:featuredmedia":[{"embeddable":true,"href":"https:\/\/koxka.com\/fr\/wp-json\/wp\/v2\/media\/3914"}],"wp:attachment":[{"href":"https:\/\/koxka.com\/fr\/wp-json\/wp\/v2\/media?parent=3952"}],"wp:term":[{"taxonomy":"product_brand","embeddable":true,"href":"https:\/\/koxka.com\/fr\/wp-json\/wp\/v2\/product_brand?post=3952"},{"taxonomy":"product_cat","embeddable":true,"href":"https:\/\/koxka.com\/fr\/wp-json\/wp\/v2\/product_cat?post=3952"},{"taxonomy":"product_tag","embeddable":true,"href":"https:\/\/koxka.com\/fr\/wp-json\/wp\/v2\/product_tag?post=3952"}],"curies":[{"name":"wp","href":"https:\/\/api.w.org\/{rel}","templated":true}]}}