{"id":3948,"date":"2025-10-29T17:38:42","date_gmt":"2025-10-29T17:38:42","guid":{"rendered":"https:\/\/koxka.com\/producto\/zafiro-twin\/"},"modified":"2026-02-25T08:39:54","modified_gmt":"2026-02-25T08:39:54","slug":"zafiro-twin","status":"publish","type":"product","link":"https:\/\/koxka.com\/fr\/produit\/zafiro-twin\/","title":{"rendered":"Zafiro Twin"},"content":{"rendered":"<p>Fabriqu\u00e9 avec des mat\u00e9riaux de haute qualit\u00e9, il d\u00e9passe les exigences de l&rsquo;utilisation commerciale quotidienne, garantissant une longue dur\u00e9e de vie<\/p>\n","protected":false},"excerpt":{"rendered":"<p>Meuble semi-mural ouvert id\u00e9al pour l&rsquo;exposition de produits sensibles \u00e0 la temp\u00e9rature. Conservation optimale des produits dans des environnements aux conditions ambiantes exigeantes.<\/p>\n","protected":false},"featured_media":3908,"comment_status":"open","ping_status":"closed","template":"","meta":[],"product_brand":[],"product_cat":[73,81],"product_tag":[],"class_list":{"0":"post-3948","1":"product","2":"type-product","3":"status-publish","4":"has-post-thumbnail","6":"product_cat-meubles-a-groupe-deporte","7":"product_cat-semi-vitrine","9":"first","10":"instock","11":"shipping-taxable","12":"product-type-simple"},"_links":{"self":[{"href":"https:\/\/koxka.com\/fr\/wp-json\/wp\/v2\/product\/3948","targetHints":{"allow":["GET"]}}],"collection":[{"href":"https:\/\/koxka.com\/fr\/wp-json\/wp\/v2\/product"}],"about":[{"href":"https:\/\/koxka.com\/fr\/wp-json\/wp\/v2\/types\/product"}],"replies":[{"embeddable":true,"href":"https:\/\/koxka.com\/fr\/wp-json\/wp\/v2\/comments?post=3948"}],"wp:featuredmedia":[{"embeddable":true,"href":"https:\/\/koxka.com\/fr\/wp-json\/wp\/v2\/media\/3908"}],"wp:attachment":[{"href":"https:\/\/koxka.com\/fr\/wp-json\/wp\/v2\/media?parent=3948"}],"wp:term":[{"taxonomy":"product_brand","embeddable":true,"href":"https:\/\/koxka.com\/fr\/wp-json\/wp\/v2\/product_brand?post=3948"},{"taxonomy":"product_cat","embeddable":true,"href":"https:\/\/koxka.com\/fr\/wp-json\/wp\/v2\/product_cat?post=3948"},{"taxonomy":"product_tag","embeddable":true,"href":"https:\/\/koxka.com\/fr\/wp-json\/wp\/v2\/product_tag?post=3948"}],"curies":[{"name":"wp","href":"https:\/\/api.w.org\/{rel}","templated":true}]}}