{"id":3944,"date":"2025-10-29T15:21:03","date_gmt":"2025-10-29T15:21:03","guid":{"rendered":"https:\/\/koxka.com\/producto\/kr-indigo-curved\/"},"modified":"2026-02-27T10:25:44","modified_gmt":"2026-02-27T10:25:44","slug":"kr-indigo-curved","status":"publish","type":"product","link":"https:\/\/koxka.com\/fr\/produit\/kr-indigo-curved\/","title":{"rendered":"kR Indigo Curved"},"content":{"rendered":"<p>Mod\u00e8les avec diff\u00e9rents designs et structures frontales avec vitres courbes ou droites<\/p>\n<p>Fabriqu\u00e9 avec des mat\u00e9riaux de haute qualit\u00e9, il surpasse les exigences de l&rsquo;utilisation commerciale quotidienne, garantissant une longue dur\u00e9e de vie.<\/p>\n","protected":false},"excerpt":{"rendered":"<p>Gamme de vitrines offrant diff\u00e9rentes solutions pour la conservation et l&rsquo;exposition de produits r\u00e9frig\u00e9r\u00e9s, congel\u00e9s ou chauds, en libre-service ou en service assist\u00e9<\/p>\n","protected":false},"featured_media":3901,"comment_status":"open","ping_status":"closed","template":"","meta":[],"product_brand":[],"product_cat":[73,83],"product_tag":[],"class_list":{"0":"post-3944","1":"product","2":"type-product","3":"status-publish","4":"has-post-thumbnail","6":"product_cat-meubles-a-groupe-deporte","7":"product_cat-vitrine","9":"first","10":"instock","11":"shipping-taxable","12":"product-type-simple"},"_links":{"self":[{"href":"https:\/\/koxka.com\/fr\/wp-json\/wp\/v2\/product\/3944","targetHints":{"allow":["GET"]}}],"collection":[{"href":"https:\/\/koxka.com\/fr\/wp-json\/wp\/v2\/product"}],"about":[{"href":"https:\/\/koxka.com\/fr\/wp-json\/wp\/v2\/types\/product"}],"replies":[{"embeddable":true,"href":"https:\/\/koxka.com\/fr\/wp-json\/wp\/v2\/comments?post=3944"}],"wp:featuredmedia":[{"embeddable":true,"href":"https:\/\/koxka.com\/fr\/wp-json\/wp\/v2\/media\/3901"}],"wp:attachment":[{"href":"https:\/\/koxka.com\/fr\/wp-json\/wp\/v2\/media?parent=3944"}],"wp:term":[{"taxonomy":"product_brand","embeddable":true,"href":"https:\/\/koxka.com\/fr\/wp-json\/wp\/v2\/product_brand?post=3944"},{"taxonomy":"product_cat","embeddable":true,"href":"https:\/\/koxka.com\/fr\/wp-json\/wp\/v2\/product_cat?post=3944"},{"taxonomy":"product_tag","embeddable":true,"href":"https:\/\/koxka.com\/fr\/wp-json\/wp\/v2\/product_tag?post=3944"}],"curies":[{"name":"wp","href":"https:\/\/api.w.org\/{rel}","templated":true}]}}