{"id":3942,"date":"2025-10-27T18:34:14","date_gmt":"2025-10-27T18:34:14","guid":{"rendered":"https:\/\/koxka.com\/producto\/kr-cobalt-closed\/"},"modified":"2026-02-25T08:35:24","modified_gmt":"2026-02-25T08:35:24","slug":"kr-cobalt-closed","status":"publish","type":"product","link":"https:\/\/koxka.com\/fr\/produit\/kr-cobalt-closed\/","title":{"rendered":"kR Cobalt Closed"},"content":{"rendered":"<p>Flexibilit\u00e9 d&rsquo;implantation avec 2 largeurs et 3 hauteurs, ainsi que diff\u00e9rentes plages de temp\u00e9rature, pour cr\u00e9er des lin\u00e9aires qui satisfont les besoins de chaque client.<\/p>\n<p>Fabriqu\u00e9 avec des mat\u00e9riaux de haute qualit\u00e9, il surpasse les exigences de l&rsquo;utilisation commerciale quotidienne, garantissant une longue dur\u00e9e de vie.<\/p>\n","protected":false},"excerpt":{"rendered":"<p>Cette armoire verticale \u00e0 distance offre une visibilit\u00e9 maximale pour les produits surgel\u00e9s et une capacit\u00e9 de d\u00e9chargement \u00e9lev\u00e9e, ce qui la rend id\u00e9ale pour les environnements commerciaux qui n\u00e9cessitent une occupation minimale de la surface de vente.<\/p>\n","protected":false},"featured_media":3513,"comment_status":"closed","ping_status":"closed","template":"","meta":[],"product_brand":[],"product_cat":[73,75],"product_tag":[],"class_list":{"0":"post-3942","1":"product","2":"type-product","3":"status-publish","4":"has-post-thumbnail","6":"product_cat-meubles-a-groupe-deporte","7":"product_cat-vertical-negatif","9":"first","10":"instock","11":"shipping-taxable","12":"product-type-simple"},"_links":{"self":[{"href":"https:\/\/koxka.com\/fr\/wp-json\/wp\/v2\/product\/3942","targetHints":{"allow":["GET"]}}],"collection":[{"href":"https:\/\/koxka.com\/fr\/wp-json\/wp\/v2\/product"}],"about":[{"href":"https:\/\/koxka.com\/fr\/wp-json\/wp\/v2\/types\/product"}],"replies":[{"embeddable":true,"href":"https:\/\/koxka.com\/fr\/wp-json\/wp\/v2\/comments?post=3942"}],"wp:featuredmedia":[{"embeddable":true,"href":"https:\/\/koxka.com\/fr\/wp-json\/wp\/v2\/media\/3513"}],"wp:attachment":[{"href":"https:\/\/koxka.com\/fr\/wp-json\/wp\/v2\/media?parent=3942"}],"wp:term":[{"taxonomy":"product_brand","embeddable":true,"href":"https:\/\/koxka.com\/fr\/wp-json\/wp\/v2\/product_brand?post=3942"},{"taxonomy":"product_cat","embeddable":true,"href":"https:\/\/koxka.com\/fr\/wp-json\/wp\/v2\/product_cat?post=3942"},{"taxonomy":"product_tag","embeddable":true,"href":"https:\/\/koxka.com\/fr\/wp-json\/wp\/v2\/product_tag?post=3942"}],"curies":[{"name":"wp","href":"https:\/\/api.w.org\/{rel}","templated":true}]}}