{"id":3938,"date":"2025-10-26T19:40:17","date_gmt":"2025-10-26T19:40:17","guid":{"rendered":"https:\/\/koxka.com\/producto\/kp-ocean-open\/"},"modified":"2026-02-27T10:50:39","modified_gmt":"2026-02-27T10:50:39","slug":"kp-ocean-open","status":"publish","type":"product","link":"https:\/\/koxka.com\/fr\/produit\/kp-ocean-open\/","title":{"rendered":"kP Ocean Open"},"content":{"rendered":"<p>Gr\u00e2ce \u00e0 sa conception modulaire, il peut \u00eatre facilement assembl\u00e9 avec les meubles muraux kP Ocean Closed et m\u00eame avec l&rsquo;armoire kP Cobalt Closed, et cr\u00e9er des lin\u00e9aires qui r\u00e9pondent aux besoins de chaque client, offrant ainsi une continuit\u00e9 esth\u00e9tique dans la conception de l&rsquo;espace.<\/p>\n<p>Fabriqu\u00e9 avec des mat\u00e9riaux de haute qualit\u00e9, il surpasse les exigences de l&rsquo;utilisation commerciale quotidienne, garantissant une longue dur\u00e9e de vie.<\/p>\n<p>Il existe deux versions de meuble : une avec des finitions en t\u00f4le peinte, qui offre un style classique et durable, et une version plus innovante qui int\u00e8gre un \u00e9clairage LED p\u00e9rim\u00e9tral configurable, permettant une plus grande personnalisation et rehaussant la pr\u00e9sentation des produits pour cr\u00e9er une ambiance attrayante et moderne.<\/p>\n","protected":false},"excerpt":{"rendered":"<p>Meuble mural autonome pour l&rsquo;exposition de produits r\u00e9frig\u00e9r\u00e9s, de grande capacit\u00e9 et offrant une conservation optimale des produits.<\/p>\n","protected":false},"featured_media":3433,"comment_status":"open","ping_status":"closed","template":"","meta":[],"product_brand":[],"product_cat":[71],"product_tag":[],"class_list":{"0":"post-3938","1":"product","2":"type-product","3":"status-publish","4":"has-post-thumbnail","6":"product_cat-meubles-autonomes","8":"first","9":"instock","10":"shipping-taxable","11":"product-type-simple"},"_links":{"self":[{"href":"https:\/\/koxka.com\/fr\/wp-json\/wp\/v2\/product\/3938","targetHints":{"allow":["GET"]}}],"collection":[{"href":"https:\/\/koxka.com\/fr\/wp-json\/wp\/v2\/product"}],"about":[{"href":"https:\/\/koxka.com\/fr\/wp-json\/wp\/v2\/types\/product"}],"replies":[{"embeddable":true,"href":"https:\/\/koxka.com\/fr\/wp-json\/wp\/v2\/comments?post=3938"}],"wp:featuredmedia":[{"embeddable":true,"href":"https:\/\/koxka.com\/fr\/wp-json\/wp\/v2\/media\/3433"}],"wp:attachment":[{"href":"https:\/\/koxka.com\/fr\/wp-json\/wp\/v2\/media?parent=3938"}],"wp:term":[{"taxonomy":"product_brand","embeddable":true,"href":"https:\/\/koxka.com\/fr\/wp-json\/wp\/v2\/product_brand?post=3938"},{"taxonomy":"product_cat","embeddable":true,"href":"https:\/\/koxka.com\/fr\/wp-json\/wp\/v2\/product_cat?post=3938"},{"taxonomy":"product_tag","embeddable":true,"href":"https:\/\/koxka.com\/fr\/wp-json\/wp\/v2\/product_tag?post=3938"}],"curies":[{"name":"wp","href":"https:\/\/api.w.org\/{rel}","templated":true}]}}