{"id":3936,"date":"2025-10-26T19:16:48","date_gmt":"2025-10-26T19:16:48","guid":{"rendered":"https:\/\/koxka.com\/producto\/kp-laku-ferme\/"},"modified":"2026-02-27T10:43:20","modified_gmt":"2026-02-27T10:43:20","slug":"kp-laku-ferme","status":"publish","type":"product","link":"https:\/\/koxka.com\/fr\/produit\/kp-laku-ferme\/","title":{"rendered":"kP Laku Ferm\u00e9"},"content":{"rendered":"<p>Portes battantes transparentes avec charni\u00e8res ol\u00e9odynamiques pour faciliter l&rsquo;ouverture, am\u00e9liorer l&rsquo;exp\u00e9rience d&rsquo;achat et faciliter le choix du client.<\/p>\n<p>Grande capacit\u00e9 de charge.<\/p>\n<p>Gr\u00e2ce \u00e0 une conception modulaire, il peut \u00eatre facilement assembl\u00e9 avec les meubles frigorifiques kP Laku Open pour cr\u00e9er des lin\u00e9aires qui r\u00e9pondent aux besoins de chaque client, offrant une continuit\u00e9 esth\u00e9tique dans la conception de l&rsquo;espace.<\/p>\n<p>Fabriqu\u00e9 avec des mat\u00e9riaux de haute qualit\u00e9, il d\u00e9passe les exigences de l&rsquo;utilisation commerciale quotidienne, garantissant une longue dur\u00e9e de vie.<\/p>\n","protected":false},"excerpt":{"rendered":"<p>Meuble semi-mural avec portes, id\u00e9al pour l&rsquo;exposition d&rsquo;aliments sensibles \u00e0 la temp\u00e9rature. Conservation optimale des produits pour les environnements aux conditions ambiantes exigeantes.<\/p>\n","protected":false},"featured_media":3396,"comment_status":"open","ping_status":"closed","template":"","meta":[],"product_brand":[],"product_cat":[71],"product_tag":[],"class_list":{"0":"post-3936","1":"product","2":"type-product","3":"status-publish","4":"has-post-thumbnail","6":"product_cat-meubles-autonomes","8":"first","9":"instock","10":"shipping-taxable","11":"product-type-simple"},"_links":{"self":[{"href":"https:\/\/koxka.com\/fr\/wp-json\/wp\/v2\/product\/3936","targetHints":{"allow":["GET"]}}],"collection":[{"href":"https:\/\/koxka.com\/fr\/wp-json\/wp\/v2\/product"}],"about":[{"href":"https:\/\/koxka.com\/fr\/wp-json\/wp\/v2\/types\/product"}],"replies":[{"embeddable":true,"href":"https:\/\/koxka.com\/fr\/wp-json\/wp\/v2\/comments?post=3936"}],"wp:featuredmedia":[{"embeddable":true,"href":"https:\/\/koxka.com\/fr\/wp-json\/wp\/v2\/media\/3396"}],"wp:attachment":[{"href":"https:\/\/koxka.com\/fr\/wp-json\/wp\/v2\/media?parent=3936"}],"wp:term":[{"taxonomy":"product_brand","embeddable":true,"href":"https:\/\/koxka.com\/fr\/wp-json\/wp\/v2\/product_brand?post=3936"},{"taxonomy":"product_cat","embeddable":true,"href":"https:\/\/koxka.com\/fr\/wp-json\/wp\/v2\/product_cat?post=3936"},{"taxonomy":"product_tag","embeddable":true,"href":"https:\/\/koxka.com\/fr\/wp-json\/wp\/v2\/product_tag?post=3936"}],"curies":[{"name":"wp","href":"https:\/\/api.w.org\/{rel}","templated":true}]}}