{"id":3932,"date":"2025-10-26T18:23:04","date_gmt":"2025-10-26T18:23:04","guid":{"rendered":"https:\/\/koxka.com\/producto\/kompo\/"},"modified":"2026-02-27T10:46:49","modified_gmt":"2026-02-27T10:46:49","slug":"kompo","status":"publish","type":"product","link":"https:\/\/koxka.com\/fr\/produit\/kompo\/","title":{"rendered":"Kompo"},"content":{"rendered":"<p>Id\u00e9al pour les magasins qui recherchent flexibilit\u00e9 et mobilit\u00e9. Sa conception facilite le transport et le montage, permettant \u00e0 plusieurs unit\u00e9s de s&rsquo;unir pour cr\u00e9er des lignes promotionnelles continues et esth\u00e9tiquement uniformes, s&rsquo;adaptant \u00e0 diff\u00e9rentes configurations d&rsquo;espace.<\/p>\n<p>Inclinable, ce qui garantit une meilleure visualisation du produit depuis diff\u00e9rents angles, am\u00e9liorant l&rsquo;exp\u00e9rience du client et mettant en \u00e9vidence les d\u00e9tails les plus importants des produits expos\u00e9s.<\/p>\n<p>Cette vitrine garantit la conservation optimale des produits p\u00e9rissables ou d\u00e9licats, en maintenant les niveaux de temp\u00e9rature adapt\u00e9s aux besoins sp\u00e9cifiques.<\/p>\n","protected":false},"excerpt":{"rendered":"<p>Vitrine promotionnelle branch\u00e9e con\u00e7ue pour offrir une vision totale \u00e0 360\u00b0 du produit expos\u00e9.<\/p>\n","protected":false},"featured_media":3444,"comment_status":"open","ping_status":"closed","template":"","meta":[],"product_brand":[],"product_cat":[71],"product_tag":[],"class_list":{"0":"post-3932","1":"product","2":"type-product","3":"status-publish","4":"has-post-thumbnail","6":"product_cat-meubles-autonomes","8":"first","9":"instock","10":"shipping-taxable","11":"product-type-simple"},"_links":{"self":[{"href":"https:\/\/koxka.com\/fr\/wp-json\/wp\/v2\/product\/3932","targetHints":{"allow":["GET"]}}],"collection":[{"href":"https:\/\/koxka.com\/fr\/wp-json\/wp\/v2\/product"}],"about":[{"href":"https:\/\/koxka.com\/fr\/wp-json\/wp\/v2\/types\/product"}],"replies":[{"embeddable":true,"href":"https:\/\/koxka.com\/fr\/wp-json\/wp\/v2\/comments?post=3932"}],"wp:featuredmedia":[{"embeddable":true,"href":"https:\/\/koxka.com\/fr\/wp-json\/wp\/v2\/media\/3444"}],"wp:attachment":[{"href":"https:\/\/koxka.com\/fr\/wp-json\/wp\/v2\/media?parent=3932"}],"wp:term":[{"taxonomy":"product_brand","embeddable":true,"href":"https:\/\/koxka.com\/fr\/wp-json\/wp\/v2\/product_brand?post=3932"},{"taxonomy":"product_cat","embeddable":true,"href":"https:\/\/koxka.com\/fr\/wp-json\/wp\/v2\/product_cat?post=3932"},{"taxonomy":"product_tag","embeddable":true,"href":"https:\/\/koxka.com\/fr\/wp-json\/wp\/v2\/product_tag?post=3932"}],"curies":[{"name":"wp","href":"https:\/\/api.w.org\/{rel}","templated":true}]}}