{"id":3928,"date":"2025-07-29T11:45:08","date_gmt":"2025-07-29T11:45:08","guid":{"rendered":"https:\/\/koxka.com\/producto\/kp-ocean-closed\/"},"modified":"2026-02-25T08:15:13","modified_gmt":"2026-02-25T08:15:13","slug":"kp-ocean-closed","status":"publish","type":"product","link":"https:\/\/koxka.com\/fr\/produit\/kp-ocean-closed\/","title":{"rendered":"kP Ocean Closed"},"content":{"rendered":"<p>Avec des portes doubles transparentes, con\u00e7ues pour offrir une vision sans obstacle des produits, am\u00e9liorant l&rsquo;exp\u00e9rience d&rsquo;achat et facilitant le choix du client<\/p>\n<p>Avec une conception modulaire, il peut \u00eatre facilement assembl\u00e9 avec les murales kP Ocean Open et m\u00eame avec l&rsquo;armoire kP Cobalt Closed, et cr\u00e9er des lin\u00e9aires qui satisfont les besoins de chaque client. Fournissant une continuit\u00e9 esth\u00e9tique dans la conception de l&rsquo;espace<\/p>\n<p>Fabriqu\u00e9 avec des mat\u00e9riaux de haute qualit\u00e9, il d\u00e9passe les exigences de l&rsquo;utilisation commerciale quotidienne, garantissant une longue dur\u00e9e de vie<\/p>\n<p>Il existe deux versions de meuble : une avec des finitions en t\u00f4le peinte, qui offre un style classique et durable, et une version plus innovante qui incorpore un \u00e9clairage LED p\u00e9rim\u00e9tral configurable, permettant une plus grande personnalisation et rehaussant la pr\u00e9sentation des produits pour cr\u00e9er une ambiance attrayante et moderne.<\/p>\n","protected":false},"excerpt":{"rendered":"<p>Meuble mural enfichable pour l&rsquo;exposition de produits r\u00e9frig\u00e9r\u00e9s avec portes Koxka, d&rsquo;une visibilit\u00e9 maximale et d&rsquo;une conservation in\u00e9galable des produits pour les environnements avec des conditions ambiantes exigeantes.<\/p>\n","protected":false},"featured_media":2894,"comment_status":"open","ping_status":"closed","template":"","meta":[],"product_brand":[],"product_cat":[71],"product_tag":[],"class_list":{"0":"post-3928","1":"product","2":"type-product","3":"status-publish","4":"has-post-thumbnail","6":"product_cat-meubles-autonomes","8":"first","9":"instock","10":"shipping-taxable","11":"product-type-simple"},"_links":{"self":[{"href":"https:\/\/koxka.com\/fr\/wp-json\/wp\/v2\/product\/3928","targetHints":{"allow":["GET"]}}],"collection":[{"href":"https:\/\/koxka.com\/fr\/wp-json\/wp\/v2\/product"}],"about":[{"href":"https:\/\/koxka.com\/fr\/wp-json\/wp\/v2\/types\/product"}],"replies":[{"embeddable":true,"href":"https:\/\/koxka.com\/fr\/wp-json\/wp\/v2\/comments?post=3928"}],"wp:featuredmedia":[{"embeddable":true,"href":"https:\/\/koxka.com\/fr\/wp-json\/wp\/v2\/media\/2894"}],"wp:attachment":[{"href":"https:\/\/koxka.com\/fr\/wp-json\/wp\/v2\/media?parent=3928"}],"wp:term":[{"taxonomy":"product_brand","embeddable":true,"href":"https:\/\/koxka.com\/fr\/wp-json\/wp\/v2\/product_brand?post=3928"},{"taxonomy":"product_cat","embeddable":true,"href":"https:\/\/koxka.com\/fr\/wp-json\/wp\/v2\/product_cat?post=3928"},{"taxonomy":"product_tag","embeddable":true,"href":"https:\/\/koxka.com\/fr\/wp-json\/wp\/v2\/product_tag?post=3928"}],"curies":[{"name":"wp","href":"https:\/\/api.w.org\/{rel}","templated":true}]}}