{"id":3923,"date":"2025-10-29T20:46:07","date_gmt":"2025-10-29T20:46:07","guid":{"rendered":"https:\/\/koxka.com\/producto\/kr-ocean-closed\/"},"modified":"2026-02-27T09:54:35","modified_gmt":"2026-02-27T09:54:35","slug":"kr-ocean-closed","status":"publish","type":"product","link":"https:\/\/koxka.com\/fr\/produit\/kr-ocean-closed\/","title":{"rendered":"kR Ocean Closed"},"content":{"rendered":"<p>Flexibilit\u00e9 d&rsquo;implantation avec 4 largeurs et 2 hauteurs, diff\u00e9rentes plages de temp\u00e9rature, pour cr\u00e9er des lin\u00e9aires qui satisfont les besoins de chaque client.<\/p>\n<p>Fabriqu\u00e9 avec des mat\u00e9riaux de haute qualit\u00e9, il d\u00e9passe les exigences de l&rsquo;utilisation commerciale quotidienne, garantissant une longue dur\u00e9e de vie.<\/p>\n","protected":false},"excerpt":{"rendered":"<p>Meuble mural frigorifique \u00e0 distance pour l&rsquo;exposition de produits r\u00e9frig\u00e9r\u00e9s avec portes Koxka, qui met en valeur le produit expos\u00e9 et en fait le seul protagoniste, et garantit une conservation optimale du produit pour les environnements aux conditions ambiantes exigeantes.<\/p>\n","protected":false},"featured_media":3921,"comment_status":"open","ping_status":"closed","template":"","meta":[],"product_brand":[],"product_cat":[73,77],"product_tag":[],"class_list":{"0":"post-3923","1":"product","2":"type-product","3":"status-publish","4":"has-post-thumbnail","6":"product_cat-meubles-a-groupe-deporte","7":"product_cat-vertical-positif","9":"first","10":"instock","11":"shipping-taxable","12":"product-type-simple"},"_links":{"self":[{"href":"https:\/\/koxka.com\/fr\/wp-json\/wp\/v2\/product\/3923","targetHints":{"allow":["GET"]}}],"collection":[{"href":"https:\/\/koxka.com\/fr\/wp-json\/wp\/v2\/product"}],"about":[{"href":"https:\/\/koxka.com\/fr\/wp-json\/wp\/v2\/types\/product"}],"replies":[{"embeddable":true,"href":"https:\/\/koxka.com\/fr\/wp-json\/wp\/v2\/comments?post=3923"}],"wp:featuredmedia":[{"embeddable":true,"href":"https:\/\/koxka.com\/fr\/wp-json\/wp\/v2\/media\/3921"}],"wp:attachment":[{"href":"https:\/\/koxka.com\/fr\/wp-json\/wp\/v2\/media?parent=3923"}],"wp:term":[{"taxonomy":"product_brand","embeddable":true,"href":"https:\/\/koxka.com\/fr\/wp-json\/wp\/v2\/product_brand?post=3923"},{"taxonomy":"product_cat","embeddable":true,"href":"https:\/\/koxka.com\/fr\/wp-json\/wp\/v2\/product_cat?post=3923"},{"taxonomy":"product_tag","embeddable":true,"href":"https:\/\/koxka.com\/fr\/wp-json\/wp\/v2\/product_tag?post=3923"}],"curies":[{"name":"wp","href":"https:\/\/api.w.org\/{rel}","templated":true}]}}