{"id":3300,"date":"2025-07-25T08:26:05","date_gmt":"2025-07-25T08:26:05","guid":{"rendered":"https:\/\/koxka.com\/producto\/kr-ocean-open\/"},"modified":"2026-02-27T09:53:21","modified_gmt":"2026-02-27T09:53:21","slug":"kr-ocean-open","status":"publish","type":"product","link":"https:\/\/koxka.com\/fr\/produit\/kr-ocean-open\/","title":{"rendered":"kR Ocean Open"},"content":{"rendered":"<p>Meuble frigorifique ouvert \u00e0 distance pour l&rsquo;exposition de produits r\u00e9frig\u00e9r\u00e9s, avec une conception a\u00e9rodynamique interne combin\u00e9e \u00e0 des d\u00e9flecteurs sur les \u00e9tag\u00e8res, ce qui garantit une conservation optimale du produit et r\u00e9duit consid\u00e9rablement la consommation d&rsquo;\u00e9nergie.<\/p>\n<p>Flexibilit\u00e9 d&rsquo;implantation avec 3 largeurs et 2 hauteurs, ainsi que diff\u00e9rentes plages de temp\u00e9rature, pour cr\u00e9er des lin\u00e9aires qui r\u00e9pondent aux besoins de chaque client.<\/p>\n<p>Fabriqu\u00e9 avec des mat\u00e9riaux de haute qualit\u00e9, il d\u00e9passe les exigences d&rsquo;une utilisation commerciale quotidienne, garantissant une longue dur\u00e9e de vie.<\/p>\n","protected":false},"excerpt":{"rendered":"<p>Meuble frigorifique ouvert \u00e0 distance pour l&rsquo;exposition de produits r\u00e9frig\u00e9r\u00e9s, avec une conception a\u00e9rodynamique interne combin\u00e9e \u00e0 des d\u00e9flecteurs sur les \u00e9tag\u00e8res, ce qui garantit une conservation optimale du produit et r\u00e9duit consid\u00e9rablement la consommation d&rsquo;\u00e9nergie.<\/p>\n","protected":false},"featured_media":2620,"comment_status":"open","ping_status":"closed","template":"","meta":[],"product_brand":[],"product_cat":[73,77],"product_tag":[],"class_list":{"0":"post-3300","1":"product","2":"type-product","3":"status-publish","4":"has-post-thumbnail","6":"product_cat-meubles-a-groupe-deporte","7":"product_cat-vertical-positif","9":"first","10":"instock","11":"shipping-taxable","12":"product-type-simple"},"_links":{"self":[{"href":"https:\/\/koxka.com\/fr\/wp-json\/wp\/v2\/product\/3300","targetHints":{"allow":["GET"]}}],"collection":[{"href":"https:\/\/koxka.com\/fr\/wp-json\/wp\/v2\/product"}],"about":[{"href":"https:\/\/koxka.com\/fr\/wp-json\/wp\/v2\/types\/product"}],"replies":[{"embeddable":true,"href":"https:\/\/koxka.com\/fr\/wp-json\/wp\/v2\/comments?post=3300"}],"wp:featuredmedia":[{"embeddable":true,"href":"https:\/\/koxka.com\/fr\/wp-json\/wp\/v2\/media\/2620"}],"wp:attachment":[{"href":"https:\/\/koxka.com\/fr\/wp-json\/wp\/v2\/media?parent=3300"}],"wp:term":[{"taxonomy":"product_brand","embeddable":true,"href":"https:\/\/koxka.com\/fr\/wp-json\/wp\/v2\/product_brand?post=3300"},{"taxonomy":"product_cat","embeddable":true,"href":"https:\/\/koxka.com\/fr\/wp-json\/wp\/v2\/product_cat?post=3300"},{"taxonomy":"product_tag","embeddable":true,"href":"https:\/\/koxka.com\/fr\/wp-json\/wp\/v2\/product_tag?post=3300"}],"curies":[{"name":"wp","href":"https:\/\/api.w.org\/{rel}","templated":true}]}}