{"id":3136,"date":"2025-07-24T15:34:09","date_gmt":"2025-07-24T15:34:09","guid":{"rendered":"https:\/\/koxka.com\/services\/"},"modified":"2025-10-25T16:30:47","modified_gmt":"2025-10-25T16:30:47","slug":"services","status":"publish","type":"page","link":"https:\/\/koxka.com\/fr\/services\/","title":{"rendered":"Services"},"content":{"rendered":"\t\t<div data-elementor-type=\"wp-page\" data-elementor-id=\"3136\" class=\"elementor elementor-3136 elementor-564\" data-elementor-post-type=\"page\">\n\t\t\t\t<div class=\"elementor-element elementor-element-edd0235 e-con-full e-flex e-con e-parent\" data-id=\"edd0235\" data-element_type=\"container\" data-e-type=\"container\" data-settings=\"{&quot;background_background&quot;:&quot;gradient&quot;,&quot;jet_parallax_layout_list&quot;:[]}\">\n\t\t<div class=\"elementor-element elementor-element-cc9e39f e-con-full e-flex e-con e-child\" data-id=\"cc9e39f\" data-element_type=\"container\" data-e-type=\"container\" data-settings=\"{&quot;jet_parallax_layout_list&quot;:[]}\">\n\t\t\t\t<div class=\"elementor-element elementor-element-7b1312b elementor-widget elementor-widget-heading\" data-id=\"7b1312b\" data-element_type=\"widget\" data-e-type=\"widget\" data-widget_type=\"heading.default\">\n\t\t\t\t<div class=\"elementor-widget-container\">\n\t\t\t\t\t<h1 class=\"elementor-heading-title elementor-size-default\">Services<\/h1>\t\t\t\t<\/div>\n\t\t\t\t<\/div>\n\t\t\t\t<div class=\"elementor-element elementor-element-2aad7d3 elementor-widget__width-initial elementor-widget elementor-widget-heading\" data-id=\"2aad7d3\" data-element_type=\"widget\" data-e-type=\"widget\" data-widget_type=\"heading.default\">\n\t\t\t\t<div class=\"elementor-widget-container\">\n\t\t\t\t\t<h2 class=\"elementor-heading-title elementor-size-default\">Nos offres<\/h2>\t\t\t\t<\/div>\n\t\t\t\t<\/div>\n\t\t\t\t<div class=\"elementor-element elementor-element-d3266b0 elementor-widget__width-initial animated-slow elementor-invisible elementor-widget elementor-widget-heading\" data-id=\"d3266b0\" data-element_type=\"widget\" data-e-type=\"widget\" data-settings=\"{&quot;_animation&quot;:&quot;fadeInUp&quot;,&quot;_animation_delay&quot;:800}\" data-widget_type=\"heading.default\">\n\t\t\t\t<div class=\"elementor-widget-container\">\n\t\t\t\t\t<p class=\"elementor-heading-title elementor-size-default\">Nous nous engageons envers nos clients au-del\u00e0 de la vente, en offrant un service complet qui couvre tout le cycle de vie des \u00e9quipements.<\/p>\t\t\t\t<\/div>\n\t\t\t\t<\/div>\n\t\t\t\t<\/div>\n\t\t<div class=\"elementor-element elementor-element-1720f5d e-con-full e-flex e-con e-child\" data-id=\"1720f5d\" data-element_type=\"container\" data-e-type=\"container\" data-settings=\"{&quot;jet_parallax_layout_list&quot;:[]}\">\n\t\t\t\t<div class=\"elementor-element elementor-element-8a11269 animated-slow elementor-invisible elementor-widget elementor-widget-image\" data-id=\"8a11269\" data-element_type=\"widget\" data-e-type=\"widget\" data-settings=\"{&quot;_animation&quot;:&quot;fadeInRight&quot;}\" data-widget_type=\"image.default\">\n\t\t\t\t<div class=\"elementor-widget-container\">\n\t\t\t\t\t\t\t\t\t\t\t\t\t\t\t<img decoding=\"async\" src=\"https:\/\/koxka.com\/wp-content\/uploads\/2025\/10\/servicios-hero.jpg\" title=\"servicios-hero\" alt=\"servicios-hero\" loading=\"lazy\" \/>\t\t\t\t\t\t\t\t\t\t\t\t\t\t\t<\/div>\n\t\t\t\t<\/div>\n\t\t\t\t<\/div>\n\t\t\t\t<\/div>\n\t\t<div class=\"elementor-element elementor-element-41e51e9 e-flex e-con-boxed elementor-invisible e-con e-parent\" data-id=\"41e51e9\" data-element_type=\"container\" data-e-type=\"container\" data-settings=\"{&quot;background_background&quot;:&quot;classic&quot;,&quot;animation&quot;:&quot;fadeInUp&quot;,&quot;jet_parallax_layout_list&quot;:[]}\">\n\t\t\t\t\t<div class=\"e-con-inner\">\n\t\t<div class=\"elementor-element elementor-element-88bcd93 e-flex e-con-boxed e-con e-child\" data-id=\"88bcd93\" data-element_type=\"container\" data-e-type=\"container\" data-settings=\"{&quot;jet_parallax_layout_list&quot;:[]}\">\n\t\t\t\t\t<div class=\"e-con-inner\">\n\t\t<div class=\"elementor-element elementor-element-36d863f e-con-full e-flex e-con e-child\" data-id=\"36d863f\" data-element_type=\"container\" data-e-type=\"container\" data-settings=\"{&quot;jet_parallax_layout_list&quot;:[]}\">\n\t\t\t\t<div class=\"elementor-element elementor-element-4b3cdb8 elementor-widget__width-initial elementor-widget elementor-widget-heading\" data-id=\"4b3cdb8\" data-element_type=\"widget\" data-e-type=\"widget\" data-widget_type=\"heading.default\">\n\t\t\t\t<div class=\"elementor-widget-container\">\n\t\t\t\t\t<p class=\"elementor-heading-title elementor-size-default\">Notre objectif est d'assurer le rendement, la durabilit\u00e9 et l'efficacit\u00e9 maximum des installations frigorifiques.<\/p>\t\t\t\t<\/div>\n\t\t\t\t<\/div>\n\t\t\t\t<div class=\"elementor-element elementor-element-6d89d83 elementor-widget__width-initial elementor-widget elementor-widget-heading\" data-id=\"6d89d83\" data-element_type=\"widget\" data-e-type=\"widget\" data-widget_type=\"heading.default\">\n\t\t\t\t<div class=\"elementor-widget-container\">\n\t\t\t\t\t<p class=\"elementor-heading-title elementor-size-default\">Nous disposons d'une \u00e9quipe hautement qualifi\u00e9e et de solutions num\u00e9riques qui permettent un contr\u00f4le et une gestion optimaux.<\/p>\t\t\t\t<\/div>\n\t\t\t\t<\/div>\n\t\t\t\t<\/div>\n\t\t\t\t\t<\/div>\n\t\t\t\t<\/div>\n\t\t<div class=\"elementor-element elementor-element-9e84498 animated-slow e-flex e-con-boxed elementor-invisible e-con e-child\" data-id=\"9e84498\" data-element_type=\"container\" data-e-type=\"container\" data-settings=\"{&quot;animation&quot;:&quot;fadeInUp&quot;,&quot;animation_delay&quot;:200,&quot;jet_parallax_layout_list&quot;:[]}\">\n\t\t\t\t\t<div class=\"e-con-inner\">\n\t\t<div class=\"elementor-element elementor-element-f9b4bb9 e-con-full e-flex e-con e-child\" data-id=\"f9b4bb9\" data-element_type=\"container\" data-e-type=\"container\" data-settings=\"{&quot;jet_parallax_layout_list&quot;:[]}\">\n\t\t\t\t<div class=\"elementor-element elementor-element-9b5d03f elementor-widget elementor-widget-image\" data-id=\"9b5d03f\" data-element_type=\"widget\" data-e-type=\"widget\" data-widget_type=\"image.default\">\n\t\t\t\t<div class=\"elementor-widget-container\">\n\t\t\t\t\t\t\t\t\t\t\t\t\t\t\t<img fetchpriority=\"high\" decoding=\"async\" width=\"600\" height=\"370\" src=\"https:\/\/koxka.com\/wp-content\/uploads\/2025\/10\/servicio1.jpg\" class=\"attachment-full size-full wp-image-2918\" alt=\"\" srcset=\"https:\/\/koxka.com\/wp-content\/uploads\/2025\/10\/servicio1.jpg 600w, https:\/\/koxka.com\/wp-content\/uploads\/2025\/10\/servicio1-300x185.jpg 300w\" sizes=\"(max-width: 600px) 100vw, 600px\" \/>\t\t\t\t\t\t\t\t\t\t\t\t\t\t\t<\/div>\n\t\t\t\t<\/div>\n\t\t\t\t<\/div>\n\t\t<div class=\"elementor-element elementor-element-e994731 e-con-full e-flex e-con e-child\" data-id=\"e994731\" data-element_type=\"container\" data-e-type=\"container\" data-settings=\"{&quot;jet_parallax_layout_list&quot;:[]}\">\n\t\t\t\t<div class=\"elementor-element elementor-element-b332538 elementor-widget elementor-widget-heading\" data-id=\"b332538\" data-element_type=\"widget\" data-e-type=\"widget\" data-widget_type=\"heading.default\">\n\t\t\t\t<div class=\"elementor-widget-container\">\n\t\t\t\t\t<h3 class=\"elementor-heading-title elementor-size-default\">Garantie et post-garantie<\/h3>\t\t\t\t<\/div>\n\t\t\t\t<\/div>\n\t\t\t\t<div class=\"elementor-element elementor-element-b144f04 elementor-widget elementor-widget-text-editor\" data-id=\"b144f04\" data-element_type=\"widget\" data-e-type=\"widget\" data-widget_type=\"text-editor.default\">\n\t\t\t\t<div class=\"elementor-widget-container\">\n\t\t\t\t\t\t\t\t\t<p>Nous offrons des <strong>extensions de garantie flexibles<\/strong> adapt\u00e9es aux besoins du client, avec des options de couverture de <strong>3 \u00e0 5 ans<\/strong>, extensibles jusqu&rsquo;\u00e0 <strong>10 ans<\/strong>. De plus, nous disposons de <strong>contrats de post-garantie<\/strong> pour assurer la maintenance et le support des \u00e9quipements, qu&rsquo;ils soient <strong>install\u00e9s par Koxka ou par d&rsquo;autres marques<\/strong>, garantissant ainsi la continuit\u00e9 op\u00e9rationnelle des installations. <\/p>\t\t\t\t\t\t\t\t<\/div>\n\t\t\t\t<\/div>\n\t\t\t\t<\/div>\n\t\t\t\t\t<\/div>\n\t\t\t\t<\/div>\n\t\t<div class=\"elementor-element elementor-element-3313a7a animated-slow e-flex e-con-boxed elementor-invisible e-con e-child\" data-id=\"3313a7a\" data-element_type=\"container\" data-e-type=\"container\" data-settings=\"{&quot;animation&quot;:&quot;fadeInUp&quot;,&quot;animation_delay&quot;:400,&quot;jet_parallax_layout_list&quot;:[]}\">\n\t\t\t\t\t<div class=\"e-con-inner\">\n\t\t<div class=\"elementor-element elementor-element-b6c3954 e-con-full e-flex e-con e-child\" data-id=\"b6c3954\" data-element_type=\"container\" data-e-type=\"container\" data-settings=\"{&quot;jet_parallax_layout_list&quot;:[]}\">\n\t\t\t\t<div class=\"elementor-element elementor-element-3fa4797 elementor-widget elementor-widget-image\" data-id=\"3fa4797\" data-element_type=\"widget\" data-e-type=\"widget\" data-widget_type=\"image.default\">\n\t\t\t\t<div class=\"elementor-widget-container\">\n\t\t\t\t\t\t\t\t\t\t\t\t\t\t\t<img decoding=\"async\" width=\"600\" height=\"438\" src=\"https:\/\/koxka.com\/wp-content\/uploads\/2025\/10\/servicio2.jpg\" class=\"attachment-full size-full wp-image-2920\" alt=\"\" srcset=\"https:\/\/koxka.com\/wp-content\/uploads\/2025\/10\/servicio2.jpg 600w, https:\/\/koxka.com\/wp-content\/uploads\/2025\/10\/servicio2-300x219.jpg 300w\" sizes=\"(max-width: 600px) 100vw, 600px\" \/>\t\t\t\t\t\t\t\t\t\t\t\t\t\t\t<\/div>\n\t\t\t\t<\/div>\n\t\t\t\t<\/div>\n\t\t<div class=\"elementor-element elementor-element-79e73fe e-con-full e-flex e-con e-child\" data-id=\"79e73fe\" data-element_type=\"container\" data-e-type=\"container\" data-settings=\"{&quot;jet_parallax_layout_list&quot;:[]}\">\n\t\t\t\t<div class=\"elementor-element elementor-element-355836e elementor-widget elementor-widget-heading\" data-id=\"355836e\" data-element_type=\"widget\" data-e-type=\"widget\" data-widget_type=\"heading.default\">\n\t\t\t\t<div class=\"elementor-widget-container\">\n\t\t\t\t\t<h3 class=\"elementor-heading-title elementor-size-default\">Maintenance pr\u00e9ventive et corrective<\/h3>\t\t\t\t<\/div>\n\t\t\t\t<\/div>\n\t\t\t\t<div class=\"elementor-element elementor-element-909080c elementor-widget elementor-widget-text-editor\" data-id=\"909080c\" data-element_type=\"widget\" data-e-type=\"widget\" data-widget_type=\"text-editor.default\">\n\t\t\t\t<div class=\"elementor-widget-container\">\n\t\t\t\t\t\t\t\t\t<p>Nous nous chargeons de la <strong>maintenance int\u00e9grale des \u00e9quipements<\/strong>, incluant aussi bien les r\u00e9visions p\u00e9riodiques que les interventions ponctuelles en cas d&rsquo;incidents. Nous disposons d&rsquo;un <strong>service technique 24h\/24 et 7j\/7<\/strong>, r\u00e9alis\u00e9 par des <strong>professionnels sp\u00e9cialis\u00e9s<\/strong>, qui assurent une r\u00e9ponse rapide et une haute disponibilit\u00e9 des syst\u00e8mes. <\/p>\t\t\t\t\t\t\t\t<\/div>\n\t\t\t\t<\/div>\n\t\t\t\t<\/div>\n\t\t\t\t\t<\/div>\n\t\t\t\t<\/div>\n\t\t<div class=\"elementor-element elementor-element-2d8e63a e-con-full animated-slow e-flex elementor-invisible e-con e-child\" data-id=\"2d8e63a\" data-element_type=\"container\" data-e-type=\"container\" data-settings=\"{&quot;animation&quot;:&quot;fadeInUp&quot;,&quot;animation_delay&quot;:400,&quot;jet_parallax_layout_list&quot;:[]}\">\n\t\t<div class=\"elementor-element elementor-element-e36c057 e-con-full e-flex e-con e-child\" data-id=\"e36c057\" data-element_type=\"container\" data-e-type=\"container\" data-settings=\"{&quot;jet_parallax_layout_list&quot;:[]}\">\n\t\t\t\t<div class=\"elementor-element elementor-element-e2291c5 elementor-widget elementor-widget-image\" data-id=\"e2291c5\" data-element_type=\"widget\" data-e-type=\"widget\" data-widget_type=\"image.default\">\n\t\t\t\t<div class=\"elementor-widget-container\">\n\t\t\t\t\t\t\t\t\t\t\t\t\t\t\t<img decoding=\"async\" width=\"600\" height=\"370\" src=\"https:\/\/koxka.com\/wp-content\/uploads\/2025\/10\/servicio3.jpg\" class=\"attachment-full size-full wp-image-2922\" alt=\"\" srcset=\"https:\/\/koxka.com\/wp-content\/uploads\/2025\/10\/servicio3.jpg 600w, https:\/\/koxka.com\/wp-content\/uploads\/2025\/10\/servicio3-300x185.jpg 300w\" sizes=\"(max-width: 600px) 100vw, 600px\" \/>\t\t\t\t\t\t\t\t\t\t\t\t\t\t\t<\/div>\n\t\t\t\t<\/div>\n\t\t\t\t<\/div>\n\t\t<div class=\"elementor-element elementor-element-f5d929e e-con-full e-flex e-con e-child\" data-id=\"f5d929e\" data-element_type=\"container\" data-e-type=\"container\" data-settings=\"{&quot;jet_parallax_layout_list&quot;:[]}\">\n\t\t\t\t<div class=\"elementor-element elementor-element-c6256ba elementor-widget elementor-widget-heading\" data-id=\"c6256ba\" data-element_type=\"widget\" data-e-type=\"widget\" data-widget_type=\"heading.default\">\n\t\t\t\t<div class=\"elementor-widget-container\">\n\t\t\t\t\t<h3 class=\"elementor-heading-title elementor-size-default\">Pi\u00e8ces de rechange et support technique<\/h3>\t\t\t\t<\/div>\n\t\t\t\t<\/div>\n\t\t\t\t<div class=\"elementor-element elementor-element-29f4723 elementor-widget elementor-widget-text-editor\" data-id=\"29f4723\" data-element_type=\"widget\" data-e-type=\"widget\" data-widget_type=\"text-editor.default\">\n\t\t\t\t<div class=\"elementor-widget-container\">\n\t\t\t\t\t\t\t\t\t<p>Nous fournissons des <strong>pi\u00e8ces de rechange originales<\/strong> \u00e0 travers notre d\u00e9partement <strong>Aftermarket<\/strong>. De plus, nos clients peuvent acc\u00e9der de fa\u00e7on agile et directe aux pi\u00e8ces de rechange, manuels et documentation technique \u00e0 travers notre plateforme digitale <a href=\"https:\/\/koxka.ricambio.net\/site\/pagece5.wplus?ID_COUNT=ce_5_login&amp;LN=5&amp;CEPV=Koxka001&amp;CELN=5&amp;CEME=2&amp;CEDSPWxH=360x800\" target=\"_blank\" rel=\"noopener\"><strong>KARE by KOXKA<\/strong><\/a>, con\u00e7ue pour faciliter la gestion de la maintenance. <\/p>\t\t\t\t\t\t\t\t<\/div>\n\t\t\t\t<\/div>\n\t\t\t\t<\/div>\n\t\t\t\t<\/div>\n\t\t<div class=\"elementor-element elementor-element-d56f512 e-con-full animated-slow e-flex elementor-invisible e-con e-child\" data-id=\"d56f512\" data-element_type=\"container\" data-e-type=\"container\" data-settings=\"{&quot;animation&quot;:&quot;fadeInUp&quot;,&quot;animation_delay&quot;:400,&quot;jet_parallax_layout_list&quot;:[]}\">\n\t\t<div class=\"elementor-element elementor-element-d0f092d e-con-full e-flex e-con e-child\" data-id=\"d0f092d\" data-element_type=\"container\" data-e-type=\"container\" data-settings=\"{&quot;jet_parallax_layout_list&quot;:[]}\">\n\t\t\t\t<div class=\"elementor-element elementor-element-d30e4fa elementor-widget elementor-widget-image\" data-id=\"d30e4fa\" data-element_type=\"widget\" data-e-type=\"widget\" data-widget_type=\"image.default\">\n\t\t\t\t<div class=\"elementor-widget-container\">\n\t\t\t\t\t\t\t\t\t\t\t\t\t\t\t<img loading=\"lazy\" decoding=\"async\" width=\"600\" height=\"370\" src=\"https:\/\/koxka.com\/wp-content\/uploads\/2025\/10\/servicio4.jpg\" class=\"attachment-full size-full wp-image-2924\" alt=\"\" srcset=\"https:\/\/koxka.com\/wp-content\/uploads\/2025\/10\/servicio4.jpg 600w, https:\/\/koxka.com\/wp-content\/uploads\/2025\/10\/servicio4-300x185.jpg 300w\" sizes=\"(max-width: 600px) 100vw, 600px\" \/>\t\t\t\t\t\t\t\t\t\t\t\t\t\t\t<\/div>\n\t\t\t\t<\/div>\n\t\t\t\t<\/div>\n\t\t<div class=\"elementor-element elementor-element-7c09a8f e-con-full e-flex e-con e-child\" data-id=\"7c09a8f\" data-element_type=\"container\" data-e-type=\"container\" data-settings=\"{&quot;jet_parallax_layout_list&quot;:[]}\">\n\t\t\t\t<div class=\"elementor-element elementor-element-f5cf4cb elementor-widget elementor-widget-heading\" data-id=\"f5cf4cb\" data-element_type=\"widget\" data-e-type=\"widget\" data-widget_type=\"heading.default\">\n\t\t\t\t<div class=\"elementor-widget-container\">\n\t\t\t\t\t<h3 class=\"elementor-heading-title elementor-size-default\">Am\u00e9lioration de produit<\/h3>\t\t\t\t<\/div>\n\t\t\t\t<\/div>\n\t\t\t\t<div class=\"elementor-element elementor-element-9c5a642 elementor-widget elementor-widget-text-editor\" data-id=\"9c5a642\" data-element_type=\"widget\" data-e-type=\"widget\" data-widget_type=\"text-editor.default\">\n\t\t\t\t<div class=\"elementor-widget-container\">\n\t\t\t\t\t\t\t\t\t<p>Nous offrons des solutions pour l&rsquo;<strong>optimisation et la modernisation des \u00e9quipements existants<\/strong>, aussi bien en efficacit\u00e9 \u00e9nerg\u00e9tique qu&rsquo;en rendement technique, en nous adaptant aux nouveaux besoins du march\u00e9 et aux avanc\u00e9es technologiques. Notre \u00e9quipe d&rsquo;experts analyse chaque cas pour proposer des am\u00e9liorations personnalis\u00e9es. <\/p>\t\t\t\t\t\t\t\t<\/div>\n\t\t\t\t<\/div>\n\t\t\t\t<\/div>\n\t\t\t\t<\/div>\n\t\t<div class=\"elementor-element elementor-element-ea4389a animated-slow e-flex e-con-boxed elementor-invisible e-con e-child\" data-id=\"ea4389a\" data-element_type=\"container\" data-e-type=\"container\" data-settings=\"{&quot;animation&quot;:&quot;fadeInUp&quot;,&quot;animation_delay&quot;:400,&quot;jet_parallax_layout_list&quot;:[]}\">\n\t\t\t\t\t<div class=\"e-con-inner\">\n\t\t<div class=\"elementor-element elementor-element-2d0901b e-con-full e-flex e-con e-child\" data-id=\"2d0901b\" data-element_type=\"container\" data-e-type=\"container\" data-settings=\"{&quot;jet_parallax_layout_list&quot;:[]}\">\n\t\t\t\t<div class=\"elementor-element elementor-element-b8c97af elementor-widget elementor-widget-image\" data-id=\"b8c97af\" data-element_type=\"widget\" data-e-type=\"widget\" data-widget_type=\"image.default\">\n\t\t\t\t<div class=\"elementor-widget-container\">\n\t\t\t\t\t\t\t\t\t\t\t\t\t\t\t<img decoding=\"async\" src=\"https:\/\/koxka.com\/wp-content\/uploads\/2025\/10\/servicio5.jpg\" title=\"servicio5\" alt=\"servicio5\" loading=\"lazy\" \/>\t\t\t\t\t\t\t\t\t\t\t\t\t\t\t<\/div>\n\t\t\t\t<\/div>\n\t\t\t\t<\/div>\n\t\t<div class=\"elementor-element elementor-element-218e2f6 e-con-full e-flex e-con e-child\" data-id=\"218e2f6\" data-element_type=\"container\" data-e-type=\"container\" data-settings=\"{&quot;jet_parallax_layout_list&quot;:[]}\">\n\t\t\t\t<div class=\"elementor-element elementor-element-adffdc6 elementor-widget elementor-widget-heading\" data-id=\"adffdc6\" data-element_type=\"widget\" data-e-type=\"widget\" data-widget_type=\"heading.default\">\n\t\t\t\t<div class=\"elementor-widget-container\">\n\t\t\t\t\t<h3 class=\"elementor-heading-title elementor-size-default\">Smart K<\/h3>\t\t\t\t<\/div>\n\t\t\t\t<\/div>\n\t\t\t\t<div class=\"elementor-element elementor-element-895fad0 elementor-widget elementor-widget-text-editor\" data-id=\"895fad0\" data-element_type=\"widget\" data-e-type=\"widget\" data-widget_type=\"text-editor.default\">\n\t\t\t\t<div class=\"elementor-widget-container\">\n\t\t\t\t\t\t\t\t\t<p>Gr\u00e2ce \u00e0 notre plateforme <strong>SMART K<\/strong>, nous aidons nos clients \u00e0 optimiser le fonctionnement de leurs installations au moyen d&rsquo;un syst\u00e8me de <strong>monitorage constant<\/strong>. Cette solution permet : <\/p>\t\t\t\t\t\t\t\t<\/div>\n\t\t\t\t<\/div>\n\t\t\t\t<div class=\"elementor-element elementor-element-794bc8a elementor-icon-list--layout-traditional elementor-list-item-link-full_width elementor-widget elementor-widget-icon-list\" data-id=\"794bc8a\" data-element_type=\"widget\" data-e-type=\"widget\" data-widget_type=\"icon-list.default\">\n\t\t\t\t<div class=\"elementor-widget-container\">\n\t\t\t\t\t\t\t<ul class=\"elementor-icon-list-items\">\n\t\t\t\t\t\t\t<li class=\"elementor-icon-list-item\">\n\t\t\t\t\t\t\t\t\t\t\t<span class=\"elementor-icon-list-icon\">\n\t\t\t\t\t\t\t<i aria-hidden=\"true\" class=\"icon icon-arrow-right\"><\/i>\t\t\t\t\t\t<\/span>\n\t\t\t\t\t\t\t\t\t\t<span class=\"elementor-icon-list-text\">Le contr\u00f4le en temps r\u00e9el de param\u00e8tres critiques, am\u00e9liorant l'efficacit\u00e9 \u00e9nerg\u00e9tique.<\/span>\n\t\t\t\t\t\t\t\t\t<\/li>\n\t\t\t\t\t\t\t\t<li class=\"elementor-icon-list-item\">\n\t\t\t\t\t\t\t\t\t\t\t<span class=\"elementor-icon-list-icon\">\n\t\t\t\t\t\t\t<i aria-hidden=\"true\" class=\"icon icon-arrow-right\"><\/i>\t\t\t\t\t\t<\/span>\n\t\t\t\t\t\t\t\t\t\t<span class=\"elementor-icon-list-text\">La gestion \u00e0 distance des installations, r\u00e9duisant les co\u00fbts op\u00e9rationnels.<\/span>\n\t\t\t\t\t\t\t\t\t<\/li>\n\t\t\t\t\t\t\t\t<li class=\"elementor-icon-list-item\">\n\t\t\t\t\t\t\t\t\t\t\t<span class=\"elementor-icon-list-icon\">\n\t\t\t\t\t\t\t<i aria-hidden=\"true\" class=\"icon icon-arrow-right\"><\/i>\t\t\t\t\t\t<\/span>\n\t\t\t\t\t\t\t\t\t\t<span class=\"elementor-icon-list-text\">L'int\u00e9gration de donn\u00e9es de ventes et de consommation, qui peuvent \u00eatre utilis\u00e9es par les d\u00e9partements de marketing pour prendre des d\u00e9cisions strat\u00e9giques bas\u00e9es sur une information fiable.<\/span>\n\t\t\t\t\t\t\t\t\t<\/li>\n\t\t\t\t\t\t<\/ul>\n\t\t\t\t\t\t<\/div>\n\t\t\t\t<\/div>\n\t\t\t\t<\/div>\n\t\t\t\t\t<\/div>\n\t\t\t\t<\/div>\n\t\t\t\t\t<\/div>\n\t\t\t\t<\/div>\n\t\t<div class=\"elementor-element elementor-element-bf72e5f animated-slow e-flex e-con-boxed elementor-invisible e-con e-parent\" data-id=\"bf72e5f\" data-element_type=\"container\" data-e-type=\"container\" data-settings=\"{&quot;background_background&quot;:&quot;gradient&quot;,&quot;jet_parallax_layout_list&quot;:[],&quot;animation&quot;:&quot;slideInRight&quot;}\">\n\t\t\t\t\t<div class=\"e-con-inner\">\n\t\t<div class=\"elementor-element elementor-element-ca4d756 e-con-full elementor-hidden-tablet elementor-hidden-mobile e-flex e-con e-child\" data-id=\"ca4d756\" data-element_type=\"container\" data-e-type=\"container\" data-settings=\"{&quot;jet_parallax_layout_list&quot;:[]}\">\n\t\t\t\t<\/div>\n\t\t<div class=\"elementor-element elementor-element-57372a4 e-con-full e-flex e-con e-child\" data-id=\"57372a4\" data-element_type=\"container\" data-e-type=\"container\" data-settings=\"{&quot;background_background&quot;:&quot;classic&quot;,&quot;jet_parallax_layout_list&quot;:[]}\">\n\t\t\t\t<div class=\"elementor-element elementor-element-0768113 elementor-widget elementor-widget-heading\" data-id=\"0768113\" data-element_type=\"widget\" data-e-type=\"widget\" data-widget_type=\"heading.default\">\n\t\t\t\t<div class=\"elementor-widget-container\">\n\t\t\t\t\t<p class=\"elementor-heading-title elementor-size-default\">Nos produits<\/p>\t\t\t\t<\/div>\n\t\t\t\t<\/div>\n\t\t\t\t<div class=\"elementor-element elementor-element-471a462 elementor-widget__width-inherit elementor-widget elementor-widget-heading\" data-id=\"471a462\" data-element_type=\"widget\" data-e-type=\"widget\" data-widget_type=\"heading.default\">\n\t\t\t\t<div class=\"elementor-widget-container\">\n\t\t\t\t\t<h2 class=\"elementor-heading-title elementor-size-default\">\u00c0 distance ou enfichable ?<\/h2>\t\t\t\t<\/div>\n\t\t\t\t<\/div>\n\t\t\t\t<div class=\"elementor-element elementor-element-1281e6a elementor-widget__width-initial elementor-widget elementor-widget-heading\" data-id=\"1281e6a\" data-element_type=\"widget\" data-e-type=\"widget\" data-widget_type=\"heading.default\">\n\t\t\t\t<div class=\"elementor-widget-container\">\n\t\t\t\t\t<p class=\"elementor-heading-title elementor-size-default\">Chez Koxka, nous proposons des solutions de r\u00e9frig\u00e9ration adapt\u00e9es \u00e0 chaque espace et besoin.<\/p>\t\t\t\t<\/div>\n\t\t\t\t<\/div>\n\t\t\t\t<div class=\"elementor-element elementor-element-2c77e2f elementor-widget__width-inherit elementor-tablet-align-center elementor-widget elementor-widget-button\" data-id=\"2c77e2f\" data-element_type=\"widget\" data-e-type=\"widget\" data-widget_type=\"button.default\">\n\t\t\t\t<div class=\"elementor-widget-container\">\n\t\t\t\t\t\t\t\t\t<div class=\"elementor-button-wrapper\">\n\t\t\t\t\t<a class=\"elementor-button elementor-button-link elementor-size-sm\" href=\"https:\/\/koxka.com\/fr\/produits\/\">\n\t\t\t\t\t\t<span class=\"elementor-button-content-wrapper\">\n\t\t\t\t\t\t\t\t\t<span class=\"elementor-button-text\">Explorer le catalogue<\/span>\n\t\t\t\t\t<\/span>\n\t\t\t\t\t<\/a>\n\t\t\t\t<\/div>\n\t\t\t\t\t\t\t\t<\/div>\n\t\t\t\t<\/div>\n\t\t\t\t<\/div>\n\t\t\t\t\t<\/div>\n\t\t\t\t<\/div>\n\t\t\t\t<\/div>\n\t\t","protected":false},"excerpt":{"rendered":"<p>Services Nos offres Nous nous engageons envers nos clients au-del\u00e0 de la vente, en offrant un service complet qui couvre tout le cycle de vie des \u00e9quipements. Notre objectif est d&rsquo;assurer le rendement, la durabilit\u00e9 et l&rsquo;efficacit\u00e9 maximum des installations frigorifiques. Nous disposons d&rsquo;une \u00e9quipe hautement qualifi\u00e9e et de solutions num\u00e9riques qui permettent un contr\u00f4le [&hellip;]<\/p>\n","protected":false},"author":1,"featured_media":0,"parent":0,"menu_order":0,"comment_status":"closed","ping_status":"closed","template":"elementor_header_footer","meta":{"footnotes":""},"class_list":["post-3136","page","type-page","status-publish","hentry"],"_links":{"self":[{"href":"https:\/\/koxka.com\/fr\/wp-json\/wp\/v2\/pages\/3136","targetHints":{"allow":["GET"]}}],"collection":[{"href":"https:\/\/koxka.com\/fr\/wp-json\/wp\/v2\/pages"}],"about":[{"href":"https:\/\/koxka.com\/fr\/wp-json\/wp\/v2\/types\/page"}],"author":[{"embeddable":true,"href":"https:\/\/koxka.com\/fr\/wp-json\/wp\/v2\/users\/1"}],"replies":[{"embeddable":true,"href":"https:\/\/koxka.com\/fr\/wp-json\/wp\/v2\/comments?post=3136"}],"version-history":[{"count":3,"href":"https:\/\/koxka.com\/fr\/wp-json\/wp\/v2\/pages\/3136\/revisions"}],"predecessor-version":[{"id":3139,"href":"https:\/\/koxka.com\/fr\/wp-json\/wp\/v2\/pages\/3136\/revisions\/3139"}],"wp:attachment":[{"href":"https:\/\/koxka.com\/fr\/wp-json\/wp\/v2\/media?parent=3136"}],"curies":[{"name":"wp","href":"https:\/\/api.w.org\/{rel}","templated":true}]}}