{"id":3055,"date":"2025-10-25T14:22:20","date_gmt":"2025-10-25T14:22:20","guid":{"rendered":"https:\/\/koxka.com\/politique-de-cookies\/"},"modified":"2025-10-25T14:34:32","modified_gmt":"2025-10-25T14:34:32","slug":"politique-de-cookies","status":"publish","type":"page","link":"https:\/\/koxka.com\/fr\/politique-de-cookies\/","title":{"rendered":"Politique de cookies"},"content":{"rendered":"\t\t<div data-elementor-type=\"wp-page\" data-elementor-id=\"3055\" class=\"elementor elementor-3055 elementor-3048\" data-elementor-post-type=\"page\">\n\t\t\t\t<div class=\"elementor-element elementor-element-5bdf9f6 e-flex e-con-boxed e-con e-parent\" data-id=\"5bdf9f6\" data-element_type=\"container\" data-e-type=\"container\" data-settings=\"{&quot;background_background&quot;:&quot;classic&quot;,&quot;jet_parallax_layout_list&quot;:[]}\">\n\t\t\t\t\t<div class=\"e-con-inner\">\n\t\t<div class=\"elementor-element elementor-element-598c366 e-con-full e-flex e-con e-child\" data-id=\"598c366\" data-element_type=\"container\" data-e-type=\"container\" data-settings=\"{&quot;jet_parallax_layout_list&quot;:[]}\">\n\t\t\t\t<div class=\"elementor-element elementor-element-595316b elementor-widget elementor-widget-heading\" data-id=\"595316b\" data-element_type=\"widget\" data-e-type=\"widget\" data-widget_type=\"heading.default\">\n\t\t\t\t<div class=\"elementor-widget-container\">\n\t\t\t\t\t<h1 class=\"elementor-heading-title elementor-size-default\">Politique de cookies<\/h1>\t\t\t\t<\/div>\n\t\t\t\t<\/div>\n\t\t\t\t<div class=\"elementor-element elementor-element-49ed7e9 elementor-widget elementor-widget-text-editor\" data-id=\"49ed7e9\" data-element_type=\"widget\" data-e-type=\"widget\" data-widget_type=\"text-editor.default\">\n\t\t\t\t<div class=\"elementor-widget-container\">\n\t\t\t\t\t\t\t\t\t<div class=\"content-area\"><article id=\"post-3127\" class=\"post-3127 page type-page status-publish hentry\"><div class=\"entry-content\"><div class=\"vc_row wpb_row vc_row-fluid politicas-kref\"><div class=\"wpb_column vc_column_container vc_col-sm-12\"><div class=\"vc_column-inner\"><div class=\"wpb_wrapper\"><div class=\"wpb_text_column wpb_content_element \"><div class=\"wpb_wrapper\"><p>Le site web https:\/\/koxka.com (ci-apr\u00e8s, \u00ab&nbsp;K Refrigeration Group&nbsp;\u00bb, \u00ab&nbsp;le Site Web&nbsp;\u00bb ou \u00ab&nbsp;le Site&nbsp;\u00bb, indistinctement) utilise des cookies pour permettre, faciliter et am\u00e9liorer la navigation sur celui-ci, ainsi que pour analyser certains comportements pendant la navigation et, parfois, vous proposer des publicit\u00e9s adapt\u00e9es \u00e0 vos habitudes, pr\u00e9f\u00e9rences et besoins. Le simple acc\u00e8s au Site Web peut entra\u00eener l\u2019installation de cookies sur l\u2019\u00e9quipement terminal \u00e0 partir duquel vous acc\u00e9dez (ordinateur, smartphone, tablette ou similaire). <\/p><p>Nous vous recommandons de lire attentivement le pr\u00e9sent document pour obtenir plus d\u2019informations sur cette technologie, ainsi que sur les finalit\u00e9s pour lesquelles elle est utilis\u00e9e sur le Site et sur la mani\u00e8re dont vous pouvez la g\u00e9rer, la bloquer ou la d\u00e9sactiver.<\/p><h3>1.1 Informations et consentement<\/h3><p>Afin de respecter la loi, la premi\u00e8re fois que vous acc\u00e9dez au Site Web, vous serez inform\u00e9 de mani\u00e8re succincte, par un avis visible, de l\u2019utilisation de cookies par son interm\u00e9diaire, ainsi que de la typologie, de l\u2019existence du pr\u00e9sent texte informatif et de la possibilit\u00e9 de les g\u00e9rer ou de les supprimer.<\/p><p>Nous consid\u00e9rerons que vous nous donnez votre consentement pour installer des cookies sur l\u2019\u00e9quipement terminal \u00e0 partir duquel vous acc\u00e9dez au Site et pour les utiliser si vous continuez \u00e0 naviguer sur celui-ci sans les d\u00e9sactiver (consultez le paragraphe&nbsp;4 de ce document pour obtenir des informations \u00e0 ce sujet).<\/p><h3>1.2 Que sont les cookies&nbsp;?<\/h3><p>Les cookies sont de petits fichiers texte qui sont t\u00e9l\u00e9charg\u00e9s sur l\u2019\u00e9quipement terminal avec lequel un utilisateur navigue sur Internet (qu\u2019il s\u2019agisse d\u2019un ordinateur, d\u2019une tablette, d\u2019un smartphone, etc.) lorsqu\u2019il entre sur certaines pages et\/ou utilise certains services qui y sont propos\u00e9s, et qui permettent de stocker des informations qui peuvent \u00eatre r\u00e9cup\u00e9r\u00e9es ult\u00e9rieurement \u00e0 diverses fins. Conform\u00e9ment \u00e0 ces finalit\u00e9s, les cookies peuvent \u00eatre&nbsp;: <\/p><ul><li><strong>Cookies de personnalisation&nbsp;:<\/strong> ce sont ceux qui permettent d\u2019adapter le site web \u00e0 certaines caract\u00e9ristiques g\u00e9n\u00e9rales pr\u00e9\u00e9tablies, comme la langue, le navigateur utilis\u00e9 ou la r\u00e9gion depuis laquelle on acc\u00e8de.<\/li><li><strong>Cookies techniques&nbsp;:<\/strong> ils servent \u00e0 fournir fluidit\u00e9 et confort pendant la navigation sur la page, ainsi qu\u2019\u00e0 assurer la s\u00e9curit\u00e9 de celle-ci. Par exemple, ils permettent d\u2019identifier la session d\u2019un utilisateur enregistr\u00e9. <\/li><li><strong>Cookies d\u2019analyse&nbsp;:<\/strong> ils permettent d\u2019obtenir des informations orient\u00e9es vers l\u2019analyse statistique de l\u2019utilisation que les utilisateurs d\u2019Internet font de la page. Ainsi, ils permettent de conna\u00eetre les termes de recherche employ\u00e9s par les utilisateurs pour arriver \u00e0 la page. <\/li><li><strong>Cookies de publicit\u00e9&nbsp;:<\/strong> ils servent \u00e0 g\u00e9rer les espaces publicitaires existants sur la page de mani\u00e8re \u00e0 ce que chaque utilisateur re\u00e7oive un contenu publicitaire conforme au contenu de la page et \u00e0 la fr\u00e9quence des annonces.<\/li><li><strong>Cookies de publicit\u00e9 comportementale&nbsp;:<\/strong> ils permettent la gestion des espaces publicitaires existants sur la page de mani\u00e8re \u00e0 ce que chaque utilisateur re\u00e7oive un contenu publicitaire conforme \u00e0 ses habitudes de navigation et \u00e0 ses pr\u00e9f\u00e9rences.<\/li><\/ul><p>Les cookies peuvent \u00e9galement \u00eatre class\u00e9s en \u00ab&nbsp;propres&nbsp;\u00bb ou \u00ab&nbsp;de tiers&nbsp;\u00bb selon qu\u2019ils sont install\u00e9s sur l\u2019\u00e9quipement terminal de l\u2019utilisateur depuis les serveurs du prestataire de services de la soci\u00e9t\u00e9 de l\u2019information ou depuis les serveurs d\u2019un tiers, respectivement.<\/p><p>De plus, ils peuvent \u00e9galement \u00eatre class\u00e9s en \u00ab&nbsp;persistants&nbsp;\u00bb ou \u00ab&nbsp;de session&nbsp;\u00bb en fonction de leur persistance sur l\u2019\u00e9quipement terminal de l\u2019utilisateur, selon que les cookies restent sur l\u2019\u00e9quipement terminal de l\u2019utilisateur au-del\u00e0 de la dur\u00e9e de sa navigation ou que le cookie dispara\u00eet apr\u00e8s la fermeture de la session de navigation, respectivement. Cela implique que les informations qu\u2019ils stockent peuvent \u00eatre collect\u00e9es quelque temps apr\u00e8s, ou seulement pendant la dur\u00e9e de la navigation. <\/p><p>Il est possible de supprimer les cookies ou de les g\u00e9rer \u00e0 tout moment. Consultez le paragraphe&nbsp;4 de ce document pour obtenir des informations \u00e0 ce sujet. <\/p><h3>1.3 Cookies utilis\u00e9s dans K Refrigeration Group<\/h3><p>Si vous donnez votre consentement, les cookies qui seront install\u00e9s sur votre terminal en cons\u00e9quence de votre acc\u00e8s et de votre navigation sur le Site Web sont&nbsp;:<\/p><table border=\"1\" frame=\"BELOW\" rules=\"GROUPS\" cellspacing=\"0\" cellpadding=\"4\"><colgroup><col width=\"762\"><col width=\"698\"><col width=\"2044\"><\/colgroup><colgroup><col width=\"1151\"><\/colgroup><tbody><tr><td colspan=\"4\" valign=\"TOP\" bgcolor=\"#cccccc\" width=\"4680\" height=\"30\"><strong>Cookies propres<\/strong><\/td><\/tr><tr valign=\"TOP\"><td bgcolor=\"#e6e6e6\" width=\"762\" height=\"30\"><strong>Nom<\/strong><\/td><td bgcolor=\"#e6e6e6\" width=\"698\"><strong>Persistance<\/strong><\/td><td colspan=\"2\" bgcolor=\"#e6e6e6\" width=\"3203\"><strong>Finalit\u00e9s<\/strong><\/td><\/tr><tr valign=\"TOP\"><td width=\"762\" height=\"30\">pll_language<\/td><td width=\"698\">Persistante<\/td><td colspan=\"2\" width=\"3203\">La principale finalit\u00e9 est de sauvegarder la langue pour les futures sessions.<\/td><\/tr><\/tbody><tbody><tr valign=\"TOP\"><td width=\"762\" height=\"30\"><p align=\"LEFT\">wfvt_2417977138<\/p><\/td><td width=\"698\">Persistante<\/td><td colspan=\"2\" width=\"3203\">La principale finalit\u00e9 est d\u2019am\u00e9liorer la s\u00e9curit\u00e9 du site web.<\/td><\/tr><\/tbody><tbody><tr valign=\"TOP\"><td width=\"762\" height=\"30\"><p align=\"LEFT\">wfwaf-authcookie-c31e2d89d8c5bbbd2fb50394f54937a9<\/p><\/td><td width=\"698\">Persistante<\/td><td colspan=\"2\" width=\"3203\">La principale finalit\u00e9 est d\u2019am\u00e9liorer la s\u00e9curit\u00e9 du site web.<\/td><\/tr><\/tbody><tbody><tr valign=\"TOP\"><td width=\"762\" height=\"30\"><p align=\"LEFT\">wordfence_verifiedHuman<\/p><\/td><td width=\"698\">Persistante<\/td><td colspan=\"2\" width=\"3203\">La principale finalit\u00e9 est d\u2019am\u00e9liorer la s\u00e9curit\u00e9 du site web.<\/td><\/tr><\/tbody><tbody><tr valign=\"TOP\"><td width=\"762\" height=\"30\"><p align=\"LEFT\">wordpress_test_cookie<\/p><\/td><td width=\"698\">De session<\/td><td colspan=\"2\" width=\"3203\">La principale finalit\u00e9 est de tester les cookies sur le site web.<\/td><\/tr><\/tbody><tbody><tr valign=\"TOP\"><td width=\"762\" height=\"30\"><p align=\"LEFT\">wp-settings-10<\/p><\/td><td width=\"698\">Persistante<\/td><td colspan=\"2\" width=\"3203\">Ce cookie sert \u00e0 avoir acc\u00e8s aux configurations.<\/td><\/tr><\/tbody><tbody><tr valign=\"TOP\"><td width=\"762\" height=\"30\"><p align=\"LEFT\">wp-settings-time-10<\/p><\/td><td width=\"698\">Persistante<\/td><td colspan=\"2\" width=\"3203\">Ce cookie sert \u00e0 avoir acc\u00e8s aux configurations.<\/td><\/tr><\/tbody><tbody><tr><td colspan=\"4\" valign=\"TOP\" bgcolor=\"#cccccc\" width=\"4680\" height=\"30\"><strong>Cookies de tiers<\/strong><\/td><\/tr><\/tbody><tbody><tr valign=\"TOP\"><td bgcolor=\"#e6e6e6\" width=\"762\" height=\"30\"><strong>Nom<\/strong><\/td><td bgcolor=\"#e6e6e6\" width=\"698\"><strong>Persistance<\/strong><\/td><td bgcolor=\"#e6e6e6\" width=\"2044\"><strong>Finalit\u00e9s<\/strong><\/td><td bgcolor=\"#e6e6e6\" width=\"1151\"><strong>Origine<\/strong><\/td><\/tr><\/tbody><tbody><tr valign=\"TOP\"><td bgcolor=\"#ffffff\" width=\"762\" height=\"23\">_ga<\/td><td rowspan=\"4\" bgcolor=\"#ffffff\" width=\"698\">Persistants<\/td><td bgcolor=\"#ffffff\" width=\"2044\">Ce cookie de Google Analytics permet d\u2019obtenir des informations statistiques sur les habitudes et les pr\u00e9f\u00e9rences de l\u2019utilisateur pendant sa navigation. Ces informations sont dissoci\u00e9es<\/td><td rowspan=\"5\" bgcolor=\"#ffffff\" width=\"1151\">.koxka.com<p> <\/p><p lang=\"es-ES\">Bien que ces cookies soient install\u00e9s via le Site Web, ils sont consid\u00e9r\u00e9s comme des cookies de tiers, car les informations qu\u2019ils permettent de collecter sont transmises et stock\u00e9es sur les serveurs de Google Inc. (1600 Amphitheatre Parkway, Mountain View, CA 94043, \u00c9tats-Unis) <\/p><\/td><\/tr><\/tbody><tbody><tr valign=\"TOP\"><td bgcolor=\"#ffffff\" width=\"762\" height=\"23\">_ga<\/td><td rowspan=\"4\" bgcolor=\"#ffffff\" width=\"698\">Persistants<\/td><td bgcolor=\"#ffffff\" width=\"2044\">Ce cookie de Google Analytics permet d\u2019obtenir des informations statistiques sur les habitudes et les pr\u00e9f\u00e9rences de l\u2019utilisateur pendant sa navigation. Ces informations sont dissoci\u00e9es<\/td><td rowspan=\"5\" bgcolor=\"#ffffff\" width=\"1151\">.koxka.com<p> <\/p><p lang=\"es-ES\">Bien que ces cookies soient install\u00e9s via le Site Web, ils sont consid\u00e9r\u00e9s comme des cookies de tiers, car les informations qu\u2019ils permettent de collecter sont transmises et stock\u00e9es sur les serveurs de Google Inc. (1600 Amphitheatre Parkway, Mountain View, CA 94043, \u00c9tats-Unis) <\/p><\/td><\/tr><\/tbody><\/table><h3><a name=\"4%20Gesti%C3%B3n%20y%20desactivaci%C3%B3n%20de%20cookies\"><\/a>1.4 Gestion et d\u00e9sactivation des cookies<\/h3><p>Comme cela a d\u00e9j\u00e0 \u00e9t\u00e9 soulign\u00e9, si vous continuez \u00e0 naviguer sur le Site ou \u00e0 utiliser les services qui y sont propos\u00e9s sans d\u00e9sactiver les cookies, il sera entendu que vous nous donnez votre consentement pour installer et utiliser cette technologie sur votre \u00e9quipement terminal.<\/p><p>Vous pouvez g\u00e9rer et d\u00e9sactiver les cookies qui sont install\u00e9s sur l\u2019\u00e9quipement terminal par lequel vous acc\u00e9dez \u00e0 Internet via certaines fonctions de votre navigateur.<\/p><p>De plus, en vous opposant au moment o\u00f9 le Site Web vous informe de l\u2019existence de l\u2019utilisation de cette technologie, vous pouvez configurer votre navigateur pour qu\u2019il n\u2019installe pas ces cookies, les supprimer et, en g\u00e9n\u00e9ral, les g\u00e9rer \u00e0 tout moment via les fonctions de votre navigateur destin\u00e9es \u00e0 cet effet.<\/p><p>Nous vous proposons ci-dessous une liste de liens sur les \u00e9tapes \u00e0 suivre pour l\u2019activation, la d\u00e9sactivation, la suppression et la gestion des cookies en fonction de chaque navigateur&nbsp;:<\/p><table border=\"0\" cellspacing=\"0\" cellpadding=\"4\"><colgroup><col width=\"60*\"><col width=\"196*\"><\/colgroup><tbody><tr><td width=\"23%\"><strong>Apple Safari&nbsp;5.1.<\/strong><\/td><td width=\"77%\"><a href=\"http:\/\/support.apple.com\/kb\/ph5042\" target=\"_blank\" rel=\"noopener\">http:\/\/support.apple.com\/kb\/ph5042<\/a><\/td><\/tr><tr valign=\"TOP\"><td width=\"23%\"><strong>Google Chrome<\/strong><\/td><td width=\"77%\"><a href=\"https:\/\/support.google.com\/chrome\/answer\/95647?hl=es\" target=\"_blank\" rel=\"noopener\">https:\/\/support.google.com\/chrome\/answer\/95647?hl=es<\/a><\/td><\/tr><tr valign=\"TOP\"><td width=\"23%\"><strong>Internet Explorer&nbsp;11<\/strong><\/td><td width=\"77%\"><a href=\"http:\/\/windows.microsoft.com\/es-es\/internet-explorer\/delete-manage-cookies#ie=ie-11\" target=\"_blank\" rel=\"noopener\">http:\/\/windows.microsoft.com\/es-es\/internet-explorer\/delete-manage-cookies#ie=ie-11<\/a><\/td><\/tr><tr valign=\"TOP\"><td width=\"23%\"><strong>Mozilla Firefox<\/strong><\/td><td width=\"77%\"><a href=\"http:\/\/support.mozilla.org\/es\/kb\/habilitar-y-deshabilitar-cookies-que-los-sitios-web\" target=\"_blank\" rel=\"noopener\">http:\/\/support.mozilla.org\/es\/kb\/habilitar-y-deshabilitar-cookies-que-los-sitios-web<\/a><\/td><\/tr><tr valign=\"TOP\"><td width=\"23%\"><strong>Opera<\/strong><\/td><td width=\"77%\"><a href=\"http:\/\/help.opera.com\/Windows\/12.00\/es-ES\/cookies.html\" target=\"_blank\" rel=\"noopener\">http:\/\/help.opera.com\/Windows\/12.00\/es-ES\/cookies.html<\/a><\/td><\/tr><\/tbody><\/table><p>Si votre navigateur ne se trouve pas dans cette liste ou si vous ne le trouvez pas, consultez le site web officiel correspondant ou contactez-nous \u00e0 l\u2019adresse \u00e9lectronique <a href=\"mailto:info@koxka.com\">info@koxka.com<\/a>, o\u00f9 nous essaierons de vous aider.<\/p><p>Les \u00e9tapes pour la gestion ou la d\u00e9sactivation des cookies via tout autre appareil (tablette, smartphone\u2026) sont similaires \u00e0 celles de leur \u00e9quivalent en version pour ordinateur. Dans tous les cas, \u00e9crivez-nous \u00e0 l\u2019adresse indiqu\u00e9e ci-dessus, o\u00f9 nous essaierons de vous aider. <\/p><p>Toutefois, en r\u00e8gle g\u00e9n\u00e9rale, il sera n\u00e9cessaire de&nbsp;:<\/p><ul><li>Ouvrir le navigateur.<\/li><li>Cliquer sur le bouton \u00ab&nbsp;Configuration&nbsp;\u00bb, \u00ab&nbsp;Outils&nbsp;\u00bb, \u00ab&nbsp;Pr\u00e9f\u00e9rences&nbsp;\u00bb ou similaire, normalement situ\u00e9 dans la partie sup\u00e9rieure de la fen\u00eatre.<\/li><li>Une nouvelle fen\u00eatre s\u2019ouvrira probablement, dans laquelle il existera une option sur les cookies. Cliquez dessus. <\/li><li>Choisissez l\u2019option, parmi celles propos\u00e9es, qui correspond le mieux \u00e0 vos pr\u00e9f\u00e9rences en mati\u00e8re de cookies.<\/li><\/ul><p>Pour toute question, consultation ou suggestion concernant les cookies, veuillez nous contacter \u00e0 l\u2019adresse \u00e9lectronique <a href=\"mailto:info@koxka.com\">info@koxka.com<\/a>.<\/p><\/div><\/div><\/div><\/div><\/div><\/div><\/div><\/article><\/div>\t\t\t\t\t\t\t\t<\/div>\n\t\t\t\t<\/div>\n\t\t\t\t<\/div>\n\t\t\t\t\t<\/div>\n\t\t\t\t<\/div>\n\t\t\t\t<\/div>\n\t\t","protected":false},"excerpt":{"rendered":"<p>Politique de cookies Le site web https:\/\/koxka.com (ci-apr\u00e8s, \u00ab&nbsp;K Refrigeration Group&nbsp;\u00bb, \u00ab&nbsp;le Site Web&nbsp;\u00bb ou \u00ab&nbsp;le Site&nbsp;\u00bb, indistinctement) utilise des cookies pour permettre, faciliter et am\u00e9liorer la navigation sur celui-ci, ainsi que pour analyser certains comportements pendant la navigation et, parfois, vous proposer des publicit\u00e9s adapt\u00e9es \u00e0 vos habitudes, pr\u00e9f\u00e9rences et besoins. Le simple acc\u00e8s [&hellip;]<\/p>\n","protected":false},"author":1,"featured_media":0,"parent":0,"menu_order":0,"comment_status":"closed","ping_status":"closed","template":"","meta":{"footnotes":""},"class_list":["post-3055","page","type-page","status-publish","hentry"],"_links":{"self":[{"href":"https:\/\/koxka.com\/fr\/wp-json\/wp\/v2\/pages\/3055","targetHints":{"allow":["GET"]}}],"collection":[{"href":"https:\/\/koxka.com\/fr\/wp-json\/wp\/v2\/pages"}],"about":[{"href":"https:\/\/koxka.com\/fr\/wp-json\/wp\/v2\/types\/page"}],"author":[{"embeddable":true,"href":"https:\/\/koxka.com\/fr\/wp-json\/wp\/v2\/users\/1"}],"replies":[{"embeddable":true,"href":"https:\/\/koxka.com\/fr\/wp-json\/wp\/v2\/comments?post=3055"}],"version-history":[{"count":1,"href":"https:\/\/koxka.com\/fr\/wp-json\/wp\/v2\/pages\/3055\/revisions"}],"predecessor-version":[{"id":3056,"href":"https:\/\/koxka.com\/fr\/wp-json\/wp\/v2\/pages\/3055\/revisions\/3056"}],"wp:attachment":[{"href":"https:\/\/koxka.com\/fr\/wp-json\/wp\/v2\/media?parent=3055"}],"curies":[{"name":"wp","href":"https:\/\/api.w.org\/{rel}","templated":true}]}}