{"id":3046,"date":"2025-10-25T14:13:58","date_gmt":"2025-10-25T14:13:58","guid":{"rendered":"https:\/\/koxka.com\/mentions-legales\/"},"modified":"2025-10-25T14:20:32","modified_gmt":"2025-10-25T14:20:32","slug":"mentions-legales","status":"publish","type":"page","link":"https:\/\/koxka.com\/fr\/mentions-legales\/","title":{"rendered":"Mentions l\u00e9gales"},"content":{"rendered":"\t\t<div data-elementor-type=\"wp-page\" data-elementor-id=\"3046\" class=\"elementor elementor-3046 elementor-3030\" data-elementor-post-type=\"page\">\n\t\t\t\t<div class=\"elementor-element elementor-element-1444b4f e-flex e-con-boxed e-con e-parent\" data-id=\"1444b4f\" data-element_type=\"container\" data-e-type=\"container\" data-settings=\"{&quot;background_background&quot;:&quot;classic&quot;,&quot;jet_parallax_layout_list&quot;:[]}\">\n\t\t\t\t\t<div class=\"e-con-inner\">\n\t\t<div class=\"elementor-element elementor-element-42b48b7 e-con-full e-flex e-con e-child\" data-id=\"42b48b7\" data-element_type=\"container\" data-e-type=\"container\" data-settings=\"{&quot;jet_parallax_layout_list&quot;:[]}\">\n\t\t\t\t<div class=\"elementor-element elementor-element-d94d411 elementor-widget elementor-widget-heading\" data-id=\"d94d411\" data-element_type=\"widget\" data-e-type=\"widget\" data-widget_type=\"heading.default\">\n\t\t\t\t<div class=\"elementor-widget-container\">\n\t\t\t\t\t<h1 class=\"elementor-heading-title elementor-size-default\">Mentions l\u00e9gales<\/h1>\t\t\t\t<\/div>\n\t\t\t\t<\/div>\n\t\t\t\t<div class=\"elementor-element elementor-element-09d0e32 elementor-widget elementor-widget-text-editor\" data-id=\"09d0e32\" data-element_type=\"widget\" data-e-type=\"widget\" data-widget_type=\"text-editor.default\">\n\t\t\t\t<div class=\"elementor-widget-container\">\n\t\t\t\t\t\t\t\t\t<h3>1.1 OBJET<\/h3><p>Le prestataire, responsable du site web, met \u00e0 la disposition des utilisateurs le pr\u00e9sent document avec lequel il entend satisfaire aux obligations pr\u00e9vues par la loi 34\/2002, relative aux services de la soci\u00e9t\u00e9 de l\u2019information et du commerce \u00e9lectronique (LSSI-CE), ainsi qu\u2019informer tous les utilisateurs du site web des conditions d\u2019utilisation de ce dernier. L\u2019acc\u00e8s au site web implique l\u2019acceptation sans r\u00e9serve des pr\u00e9sentes conditions g\u00e9n\u00e9rales d\u2019utilisation que l\u2019utilisateur d\u00e9clare comprendre dans leur int\u00e9gralit\u00e9. L\u2019utilisateur s\u2019engage \u00e0 ne pas utiliser le site web et les services qui y sont propos\u00e9s pour la r\u00e9alisation d\u2019activit\u00e9s contraires \u00e0 la loi et \u00e0 respecter \u00e0 tout moment les pr\u00e9sentes conditions g\u00e9n\u00e9rales. Le prestataire pourra interrompre \u00e0 tout moment l\u2019acc\u00e8s \u00e0 son site web s\u2019il d\u00e9tecte une utilisation contraire \u00e0 la l\u00e9galit\u00e9, \u00e0 la bonne foi ou aux pr\u00e9sentes conditions g\u00e9n\u00e9rales.   <\/p><p>Le prestataire se r\u00e9serve le droit de modifier tout type d\u2019information susceptible d\u2019appara\u00eetre sur le site web, sans qu\u2019il existe une obligation de pr\u00e9avis ou de communication aux utilisateurs desdites obligations, \u00e9tant entendu que la publication sur le site web du prestataire est suffisante.<\/p><h3>1.2 \u00c0 PROPOS DU PRESTATAIRE<\/h3><p>Le prestataire responsable du site web offre aux utilisateurs de ce dernier ses donn\u00e9es d\u2019identification afin d\u2019am\u00e9liorer la confiance de l\u2019utilisateur et les relations avec ce dernier.<\/p><p>D\u00e9nomination sociale&nbsp;: Grupo K Refrigeraci\u00f3n, SL<br>Si\u00e8ge social&nbsp;: Pol\u00edgono Landaben, Calle A, n\u00ba2, 31012 Pamplona, Navarra (Espagne)<br>NIF&nbsp;: B71241558<br>T\u00e9l\u00e9phone&nbsp;: 948&nbsp;18&nbsp;81&nbsp;00<br>e-mail&nbsp;: info@koxka.com<br>Inscrite au registre&nbsp;: Inscrite sur la feuille NA-35100, tome&nbsp;1770, folio&nbsp;1. CNAE&nbsp;2825. Fabrication de machines de ventilation et de r\u00e9frig\u00e9ration non domestique<br>Nom de domaine&nbsp;:  <\/p><ul><li><a href=\"https:\/\/koxka.com\/\" target=\"_blank\" rel=\"noopener\">koxka.com<\/a><\/li><\/ul><h3>1.3 ADRESSES IP<\/h3><p>Les serveurs du site web pourront d\u00e9tecter de mani\u00e8re automatique l\u2019adresse&nbsp;IP et le nom de domaine utilis\u00e9s par l\u2019utilisateur. Une adresse&nbsp;IP est un num\u00e9ro attribu\u00e9 automatiquement \u00e0 un ordinateur lorsqu\u2019il se connecte \u00e0 Internet. Toutes ces informations sont enregistr\u00e9es dans un fichier d\u2019activit\u00e9 du serveur d\u00fbment inscrit qui permet le traitement ult\u00e9rieur des donn\u00e9es afin d\u2019obtenir des mesures uniquement statistiques permettant de conna\u00eetre le nombre d\u2019impressions de pages, le nombre de visites r\u00e9alis\u00e9es sur les services web, l\u2019ordre des visites, le point d\u2019acc\u00e8s, etc.  <\/p><h3>1.4 S\u00c9CURIT\u00c9<\/h3><p>Le prestataire a adopt\u00e9 toutes les mesures techniques et organisationnelles n\u00e9cessaires pour garantir la s\u00e9curit\u00e9 et l\u2019int\u00e9grit\u00e9 des donn\u00e9es \u00e0 caract\u00e8re personnel qu\u2019il traite, ainsi que pour \u00e9viter leur perte, leur alt\u00e9ration et\/ou leur acc\u00e8s par des tiers non autoris\u00e9s. Le site web utilise des techniques de s\u00e9curit\u00e9 de l\u2019information g\u00e9n\u00e9ralement accept\u00e9es dans l\u2019industrie, telles que des pare-feu, des proc\u00e9dures de contr\u00f4le d\u2019acc\u00e8s et des m\u00e9canismes cryptographiques, tout cela afin d\u2019\u00e9viter l\u2019acc\u00e8s non autoris\u00e9 aux donn\u00e9es. Pour atteindre ces objectifs, l\u2019utilisateur\/client accepte que le prestataire obtienne des donn\u00e9es aux fins de l\u2019authentification correspondante des contr\u00f4les d\u2019acc\u00e8s.  <\/p><h3>1.5 RESPONSABILIT\u00c9<\/h3><p>Le prestataire d\u00e9cline toute responsabilit\u00e9 d\u00e9coulant des informations publi\u00e9es sur son site web, \u00e0 condition que ces informations aient \u00e9t\u00e9 manipul\u00e9es ou introduites par un tiers ext\u00e9rieur \u00e0 celui-ci (par exemple, dans des forums, des chats, des blogs, des commentaires, etc.). Toutefois, et conform\u00e9ment aux dispositions de la LSSI-CE, le prestataire se met \u00e0 la disposition de tous les utilisateurs, autorit\u00e9s et forces de s\u00e9curit\u00e9, afin de retirer ou, le cas \u00e9ch\u00e9ant, de bloquer tous les contenus susceptibles d\u2019affecter ou de contrevenir \u00e0 la l\u00e9gislation nationale ou internationale, aux droits de tiers ou \u00e0 la morale et \u00e0 l\u2019ordre public, en portant les faits \u00e0 la connaissance des autorit\u00e9s comp\u00e9tentes si n\u00e9cessaire. <\/p><p>Si l\u2019utilisateur consid\u00e8re qu\u2019il existe sur le site web un contenu susceptible d\u2019\u00eatre class\u00e9 de cette mani\u00e8re, il est pri\u00e9 de le notifier imm\u00e9diatement \u00e0 l\u2019administrateur du site web.<\/p><p>Le pr\u00e9sent site web a \u00e9t\u00e9 revu et test\u00e9 pour qu\u2019il fonctionne correctement. En principe, son bon fonctionnement peut \u00eatre garanti 365&nbsp;jours par an, 24&nbsp;heures sur 24. Toutefois, le prestataire n\u2019\u00e9carte pas la possibilit\u00e9 qu\u2019il existe certaines erreurs de programmation, ou que surviennent des cas de force majeure, des catastrophes naturelles, des gr\u00e8ves ou des circonstances similaires qui rendent impossible l\u2019acc\u00e8s \u00e0 la page web.  <\/p><h3>1.6 PROPRI\u00c9T\u00c9 INTELLECTUELLE ET INDUSTRIELLE<\/h3><p><strong>Grupo K Refrigeraci\u00f3n, SL<\/strong> est une marque d\u00e9pos\u00e9e. L\u2019utilisation de la marque de <g id=\"gid_1\">Grupo K Refrigeraci\u00f3n, SL<\/g> par des tiers, par quelque moyen que ce soit, est interdite, ce qui inclut aussi bien le nom que le logo, sauf consentement expr\u00e8s de <g id=\"gid_2\">Grupo K Refrigeraci\u00f3n, SL<\/g>. Tous droits r\u00e9serv\u00e9s.  <\/p><p>Le pr\u00e9sent site web, incluant, \u00e0 titre \u00e9nonciatif mais non limitatif, sa programmation, son \u00e9dition, sa compilation, ses conceptions, ses logos, son texte et\/ou ses graphiques, est la propri\u00e9t\u00e9 du responsable du site web, \u00e9tant prot\u00e9g\u00e9 par la r\u00e9glementation nationale et internationale en mati\u00e8re de propri\u00e9t\u00e9 intellectuelle et industrielle. L\u2019acc\u00e8s de l\u2019utilisateur au site web ne lui conf\u00e8re aucun droit de propri\u00e9t\u00e9 sur celui-ci. <\/p><p>Tous les contenus du site web sont d\u00fbment prot\u00e9g\u00e9s par la r\u00e9glementation en mati\u00e8re de propri\u00e9t\u00e9 intellectuelle et industrielle, et sont inscrits dans les registres publics correspondants. Ind\u00e9pendamment de la finalit\u00e9 pour laquelle ils ont \u00e9t\u00e9 destin\u00e9s, la reproduction totale ou partielle, l\u2019utilisation, l\u2019exploitation, la distribution et la commercialisation n\u00e9cessitent dans tous les cas l\u2019autorisation \u00e9crite pr\u00e9alable du prestataire. Toute utilisation non autoris\u00e9e pr\u00e9alablement par le prestataire sera consid\u00e9r\u00e9e comme une violation grave des droits de propri\u00e9t\u00e9 intellectuelle ou industrielle de l\u2019auteur. Les conceptions, les logos, le texte et\/ou les graphiques ext\u00e9rieurs au prestataire et susceptibles d\u2019appara\u00eetre sur le site web appartiennent \u00e0 leurs propri\u00e9taires respectifs, \u00e9tant eux-m\u00eames responsables de toute controverse susceptible de survenir \u00e0 leur sujet. Le prestataire reconna\u00eet \u00e0 leurs titulaires les droits de propri\u00e9t\u00e9 industrielle et intellectuelle correspondants, leur simple mention ou apparition sur le site web n\u2019impliquant pas l\u2019existence de droits ou de responsabilit\u00e9 quelconque du prestataire sur ceux-ci, ni un soutien, un parrainage ou une recommandation de sa part. Pour effectuer tout type d\u2019observation concernant d\u2019\u00e9ventuels manquements aux droits de propri\u00e9t\u00e9 intellectuelle ou industrielle, ainsi que sur l\u2019un quelconque des contenus du site web, vous pouvez le faire par le biais de l\u2019adresse \u00e9lectronique suivante&nbsp;: info@koxka.com.     <\/p><h3>1.7 LOI APPLICABLE ET JURIDICTION<\/h3><p>Pour la r\u00e9solution de tous les litiges ou questions li\u00e9s au pr\u00e9sent site web ou aux activit\u00e9s qui y sont men\u00e9es, la l\u00e9gislation espagnole sera applicable, \u00e0 laquelle les parties se soumettent express\u00e9ment, les tribunaux de Saint-S\u00e9bastien \u00e9tant comp\u00e9tents pour la r\u00e9solution de tous les conflits d\u00e9coulant de son utilisation ou li\u00e9s \u00e0 celle-ci. Si une clause quelconque du pr\u00e9sent document est d\u00e9clar\u00e9e nulle, les autres clauses resteront en vigueur et seront interpr\u00e9t\u00e9es en tenant compte de la volont\u00e9 des parties et de la finalit\u00e9 m\u00eame des pr\u00e9sentes conditions. <strong>Grupo K Refrigeraci\u00f3n, SL<\/strong> pourra ne pas exercer l\u2019un des droits et pouvoirs conf\u00e9r\u00e9s dans le pr\u00e9sent document, ce qui n\u2019impliquera en aucun cas la renonciation \u00e0 ceux-ci, sauf reconnaissance expresse de la part de <strong>Grupo K Refrigeraci\u00f3n, SL<\/strong>. <\/p>\t\t\t\t\t\t\t\t<\/div>\n\t\t\t\t<\/div>\n\t\t\t\t<\/div>\n\t\t\t\t\t<\/div>\n\t\t\t\t<\/div>\n\t\t\t\t<\/div>\n\t\t","protected":false},"excerpt":{"rendered":"<p>Mentions l\u00e9gales 1.1 OBJET Le prestataire, responsable du site web, met \u00e0 la disposition des utilisateurs le pr\u00e9sent document avec lequel il entend satisfaire aux obligations pr\u00e9vues par la loi 34\/2002, relative aux services de la soci\u00e9t\u00e9 de l\u2019information et du commerce \u00e9lectronique (LSSI-CE), ainsi qu\u2019informer tous les utilisateurs du site web des conditions d\u2019utilisation [&hellip;]<\/p>\n","protected":false},"author":1,"featured_media":0,"parent":0,"menu_order":0,"comment_status":"closed","ping_status":"closed","template":"","meta":{"footnotes":""},"class_list":["post-3046","page","type-page","status-publish","hentry"],"_links":{"self":[{"href":"https:\/\/koxka.com\/fr\/wp-json\/wp\/v2\/pages\/3046","targetHints":{"allow":["GET"]}}],"collection":[{"href":"https:\/\/koxka.com\/fr\/wp-json\/wp\/v2\/pages"}],"about":[{"href":"https:\/\/koxka.com\/fr\/wp-json\/wp\/v2\/types\/page"}],"author":[{"embeddable":true,"href":"https:\/\/koxka.com\/fr\/wp-json\/wp\/v2\/users\/1"}],"replies":[{"embeddable":true,"href":"https:\/\/koxka.com\/fr\/wp-json\/wp\/v2\/comments?post=3046"}],"version-history":[{"count":1,"href":"https:\/\/koxka.com\/fr\/wp-json\/wp\/v2\/pages\/3046\/revisions"}],"predecessor-version":[{"id":3047,"href":"https:\/\/koxka.com\/fr\/wp-json\/wp\/v2\/pages\/3046\/revisions\/3047"}],"wp:attachment":[{"href":"https:\/\/koxka.com\/fr\/wp-json\/wp\/v2\/media?parent=3046"}],"curies":[{"name":"wp","href":"https:\/\/api.w.org\/{rel}","templated":true}]}}