{"id":3015,"date":"2025-10-25T11:59:41","date_gmt":"2025-10-25T11:59:41","guid":{"rendered":"https:\/\/koxka.com\/politique-de-confidentialite\/"},"modified":"2025-10-25T14:15:19","modified_gmt":"2025-10-25T14:15:19","slug":"politique-de-confidentialite","status":"publish","type":"page","link":"https:\/\/koxka.com\/fr\/politique-de-confidentialite\/","title":{"rendered":"Politique de confidentialit\u00e9"},"content":{"rendered":"\t\t<div data-elementor-type=\"wp-page\" data-elementor-id=\"3015\" class=\"elementor elementor-3015 elementor-708\" data-elementor-post-type=\"page\">\n\t\t\t\t<div class=\"elementor-element elementor-element-d98dea0 e-flex e-con-boxed e-con e-parent\" data-id=\"d98dea0\" data-element_type=\"container\" data-e-type=\"container\" data-settings=\"{&quot;background_background&quot;:&quot;classic&quot;,&quot;jet_parallax_layout_list&quot;:[]}\">\n\t\t\t\t\t<div class=\"e-con-inner\">\n\t\t<div class=\"elementor-element elementor-element-7317c27 e-con-full e-flex e-con e-child\" data-id=\"7317c27\" data-element_type=\"container\" data-e-type=\"container\" data-settings=\"{&quot;jet_parallax_layout_list&quot;:[]}\">\n\t\t\t\t<div class=\"elementor-element elementor-element-746c784 elementor-widget elementor-widget-heading\" data-id=\"746c784\" data-element_type=\"widget\" data-e-type=\"widget\" data-widget_type=\"heading.default\">\n\t\t\t\t<div class=\"elementor-widget-container\">\n\t\t\t\t\t<h1 class=\"elementor-heading-title elementor-size-default\">Politique de confidentialit\u00e9<\/h1>\t\t\t\t<\/div>\n\t\t\t\t<\/div>\n\t\t\t\t<div class=\"elementor-element elementor-element-2e67b42 elementor-widget elementor-widget-text-editor\" data-id=\"2e67b42\" data-element_type=\"widget\" data-e-type=\"widget\" data-widget_type=\"text-editor.default\">\n\t\t\t\t<div class=\"elementor-widget-container\">\n\t\t\t\t\t\t\t\t\t<h3>1.- PROTECTION DES DONN\u00c9ES PERSONNELLES<\/h3><p>Sur ce site web, propri\u00e9t\u00e9 de <strong>Grupo K Refrigeraci\u00f3n, SL<\/strong><strong>.<\/strong>, nous assurons la protection totale des donn\u00e9es \u00e0 caract\u00e8re personnel fournies par nos utilisateurs.<\/p><p>Conform\u00e9ment aux dispositions de la loi organique 15\/1999 sur la protection des donn\u00e9es, nous vous informons que les donn\u00e9es personnelles fournies via les formulaires de ce site web ou par messages \u00e9lectroniques pourront \u00eatre incorpor\u00e9es dans un fichier de donn\u00e9es \u00e0 caract\u00e8re personnel, d\u00fbment enregistr\u00e9 aupr\u00e8s de l&rsquo;Agence espagnole de protection des donn\u00e9es, dont la finalit\u00e9 est la gestion des donn\u00e9es des personnes qui s&rsquo;abonnent \u00e0 la Newsletter pour leur gestion administrative, l&rsquo;envoi d&rsquo;offres commerciales et d&rsquo;informations sur les produits et services.<\/p><p>En envoyant les formulaires existants sur ce site web, l&rsquo;exp\u00e9diteur donne son consentement pour \u00eatre inclus dans les fichiers mentionn\u00e9s. De m\u00eame, nous vous informons que ce site web pourra collecter les adresses IP des utilisateurs, lesquelles seront \u00e9galement trait\u00e9es conform\u00e9ment \u00e0 la r\u00e9glementation en vigueur. <\/p><p>Vos donn\u00e9es ne seront pas c\u00e9d\u00e9es \u00e0 des tiers sans votre consentement. <strong>Grupo K Refrigeraci\u00f3n, SL<\/strong><strong>.<\/strong> respectera \u00e0 tout moment la confidentialit\u00e9 de vos donn\u00e9es, conform\u00e9ment \u00e0 la loi organique 15\/1999 du 13 d\u00e9cembre sur la protection des donn\u00e9es \u00e0 caract\u00e8re personnel (LOPD).<\/p><p>Vous pouvez \u00e0 tout moment exercer vos droits d&rsquo;acc\u00e8s, de rectification, d&rsquo;annulation et d&rsquo;opposition dans les termes sp\u00e9cifi\u00e9s dans la loi organique 15\/1999 sur la protection des donn\u00e9es \u00e0 caract\u00e8re personnel, conform\u00e9ment \u00e0 la proc\u00e9dure l\u00e9galement \u00e9tablie. Ces droits peuvent \u00eatre exerc\u00e9s en envoyant un courrier \u00e9lectronique \u00e0 <a href=\"mailto:info@koxka.com\">info@koxka.com.<\/a> <\/p><h4>1.1 UTILISATION DES DONN\u00c9ES OBTENUES VIA LES R\u00c9SEAUX SOCIAUX<\/h4><p>Conform\u00e9ment aux dispositions de la loi organique 15\/1999 du 13 d\u00e9cembre sur la protection des donn\u00e9es \u00e0 caract\u00e8re personnel (ci-apr\u00e8s LOPD), le client ou l&rsquo;utilisateur est inform\u00e9 des points suivants :<\/p><p><strong>Grupo K Refrigeraci\u00f3n, SL<\/strong> est, aux effets de la LOPD, responsable du fichier dans lequel seront inclus les donn\u00e9es personnelles que vous nous fournirez. L&rsquo;adresse du responsable du fichier est Pol\u00edgono Landaben, Calle A, 2, 31012 Pamplona, Navarra <\/p><p>Les donn\u00e9es fournies \u00e0 <strong>Grupo K Refrigeraci\u00f3n, SL<\/strong> feront partie d&rsquo;un fichier dont elle est responsable. Le fichier est d\u00fbment inscrit au registre g\u00e9n\u00e9ral de la protection des donn\u00e9es de l&rsquo;Agence espagnole de protection des donn\u00e9es et l&rsquo;ensemble du processus de traitement, de stockage et de maintenance est soumis aux contr\u00f4les et aux r\u00e8gles \u00e9tablis dans le r\u00e8glement sur les mesures de s\u00e9curit\u00e9. <\/p><p>La finalit\u00e9 pour laquelle les donn\u00e9es sont collect\u00e9es est la gestion des donn\u00e9es personnelles obtenues via les r\u00e9seaux sociaux pour la participation \u00e0 des tirages au sort et des promotions, la publication des noms des gagnants sur lesdits r\u00e9seaux sociaux et sur la page web\/blog de l&rsquo;entreprise et l&rsquo;envoi de publicit\u00e9 par e-mail, SMS et autres moyens similaires, ayant comme objet du service fourni par l&rsquo;entit\u00e9 au client ou \u00e0 l&rsquo;utilisateur dans le cadre de la relation qui les unit et ne seront pas c\u00e9d\u00e9es \u00e0 des tiers sans son consentement.<\/p><p>Parmi toutes les donn\u00e9es collect\u00e9es, le personnel de l&rsquo;entit\u00e9 indiquera lesquelles sont obligatoires et lesquelles sont facultatives, en fonction du service fourni. Les donn\u00e9es consid\u00e9r\u00e9es par le personnel de l&rsquo;entit\u00e9 comme obligatoires seront celles strictement n\u00e9cessaires pour mener \u00e0 bien la relation existante entre l&rsquo;entit\u00e9 et le client ou l&rsquo;utilisateur, de sorte que si elles ne sont pas fournies, la relation qui les unit ne pourrait pas se d\u00e9velopper. Les donn\u00e9es personnelles qui seront collect\u00e9es respecteront \u00e0 tout moment le principe de qualit\u00e9 des donn\u00e9es \u00e9tabli \u00e0 l&rsquo;article 4 de la LOPD, c&rsquo;est-\u00e0-dire qu&rsquo;elles seront ad\u00e9quates, pertinentes et non excessives par rapport au domaine et \u00e0 la finalit\u00e9 pour laquelle elles sont obtenues.  <\/p><p>L&rsquo;utilisateur pourra exercer les droits d&rsquo;acc\u00e8s, de rectification, d&rsquo;annulation et d&rsquo;opposition dans les termes \u00e9tablis par la LOPD, en s&rsquo;adressant \u00e0 <strong>Grupo K Refrigeraci\u00f3n, SL.<\/strong>, \u00e0 l&rsquo;adresse Pol\u00edgono Landaben, Calle A, 2, 31012 Pamplona, Navarra.<\/p>\t\t\t\t\t\t\t\t<\/div>\n\t\t\t\t<\/div>\n\t\t\t\t<\/div>\n\t\t\t\t\t<\/div>\n\t\t\t\t<\/div>\n\t\t\t\t<\/div>\n\t\t","protected":false},"excerpt":{"rendered":"<p>Politique de confidentialit\u00e9 1.- PROTECTION DES DONN\u00c9ES PERSONNELLES Sur ce site web, propri\u00e9t\u00e9 de Grupo K Refrigeraci\u00f3n, SL., nous assurons la protection totale des donn\u00e9es \u00e0 caract\u00e8re personnel fournies par nos utilisateurs. Conform\u00e9ment aux dispositions de la loi organique 15\/1999 sur la protection des donn\u00e9es, nous vous informons que les donn\u00e9es personnelles fournies via les [&hellip;]<\/p>\n","protected":false},"author":1,"featured_media":0,"parent":0,"menu_order":0,"comment_status":"closed","ping_status":"closed","template":"","meta":{"footnotes":""},"class_list":["post-3015","page","type-page","status-publish","hentry"],"_links":{"self":[{"href":"https:\/\/koxka.com\/fr\/wp-json\/wp\/v2\/pages\/3015","targetHints":{"allow":["GET"]}}],"collection":[{"href":"https:\/\/koxka.com\/fr\/wp-json\/wp\/v2\/pages"}],"about":[{"href":"https:\/\/koxka.com\/fr\/wp-json\/wp\/v2\/types\/page"}],"author":[{"embeddable":true,"href":"https:\/\/koxka.com\/fr\/wp-json\/wp\/v2\/users\/1"}],"replies":[{"embeddable":true,"href":"https:\/\/koxka.com\/fr\/wp-json\/wp\/v2\/comments?post=3015"}],"version-history":[{"count":3,"href":"https:\/\/koxka.com\/fr\/wp-json\/wp\/v2\/pages\/3015\/revisions"}],"predecessor-version":[{"id":3040,"href":"https:\/\/koxka.com\/fr\/wp-json\/wp\/v2\/pages\/3015\/revisions\/3040"}],"wp:attachment":[{"href":"https:\/\/koxka.com\/fr\/wp-json\/wp\/v2\/media?parent=3015"}],"curies":[{"name":"wp","href":"https:\/\/api.w.org\/{rel}","templated":true}]}}